{"id":70380,"date":"2023-12-14T14:09:36","date_gmt":"2023-12-14T13:09:36","guid":{"rendered":"https:\/\/dualtron-store.com\/?post_type=product&#038;p=70380"},"modified":"2026-01-29T15:32:41","modified_gmt":"2026-01-29T14:32:41","slug":"jante-avant-dualtron-mini","status":"publish","type":"product","link":"https:\/\/dualtron-store.com\/index.php\/produit\/jante-avant-dualtron-mini\/","title":{"rendered":"Jante avant Dualtron Mini"},"content":{"rendered":"","protected":false},"excerpt":{"rendered":"<p>La jante avant pour la <strong>Dualtron Mini<\/strong> offre un \u00e9quilibre parfait entre l\u00e9g\u00e8ret\u00e9 et robustesse. Con\u00e7ue pour une performance optimale, elle allie un design \u00e9l\u00e9gant \u00e0 une durabilit\u00e9 exceptionnelle, assurant une exp\u00e9rience de conduite s\u00e9curis\u00e9e et agr\u00e9able pour votre trottinette \u00e9lectrique.<\/p>\n<p><strong>Vendue sans pneus, chambres \u00e0 air ni tambours.<\/strong><\/p>\n<p><strong>Non adapt\u00e9e \u00e0 la Dualtron Mini, sans frein avant.<\/strong><\/p>\n","protected":false},"featured_media":70381,"comment_status":"open","ping_status":"closed","template":"","meta":{"om_disable_all_campaigns":false,"_mi_skip_tracking":false,"_monsterinsights_sitenote_active":false,"_monsterinsights_sitenote_note":"","_monsterinsights_sitenote_category":0},"product_cat":[287,18,51],"product_tag":[],"aioseo_notices":[],"_links":{"self":[{"href":"https:\/\/dualtron-store.com\/index.php\/wp-json\/wp\/v2\/product\/70380"}],"collection":[{"href":"https:\/\/dualtron-store.com\/index.php\/wp-json\/wp\/v2\/product"}],"about":[{"href":"https:\/\/dualtron-store.com\/index.php\/wp-json\/wp\/v2\/types\/product"}],"replies":[{"embeddable":true,"href":"https:\/\/dualtron-store.com\/index.php\/wp-json\/wp\/v2\/comments?post=70380"}],"wp:featuredmedia":[{"embeddable":true,"href":"https:\/\/dualtron-store.com\/index.php\/wp-json\/wp\/v2\/media\/70381"}],"wp:attachment":[{"href":"https:\/\/dualtron-store.com\/index.php\/wp-json\/wp\/v2\/media?parent=70380"}],"wp:term":[{"taxonomy":"product_cat","embeddable":true,"href":"https:\/\/dualtron-store.com\/index.php\/wp-json\/wp\/v2\/product_cat?post=70380"},{"taxonomy":"product_tag","embeddable":true,"href":"https:\/\/dualtron-store.com\/index.php\/wp-json\/wp\/v2\/product_tag?post=70380"}],"curies":[{"name":"wp","href":"https:\/\/api.w.org\/{rel}","templated":true}]}}