{"id":70378,"date":"2023-12-14T14:05:31","date_gmt":"2023-12-14T13:05:31","guid":{"rendered":"https:\/\/dualtron-store.com\/?post_type=product&#038;p=70378"},"modified":"2026-04-02T10:37:45","modified_gmt":"2026-04-02T08:37:45","slug":"bequille-dualtron-victor","status":"publish","type":"product","link":"https:\/\/dualtron-store.com\/index.php\/produit\/bequille-dualtron-victor\/","title":{"rendered":"B\u00e9quille Dualtron Victor"},"content":{"rendered":"","protected":false},"excerpt":{"rendered":"<div class=\"w-full text-token-text-primary\" data-testid=\"conversation-turn-9\">\n<div class=\"px-4 py-2 justify-center text-base md:gap-6 m-auto\">\n<div class=\"flex flex-1 text-base mx-auto gap-3 md:px-5 lg:px-1 xl:px-5 md:max-w-3xl lg:max-w-[40rem] xl:max-w-[48rem] group\">\n<div class=\"relative flex w-full flex-col lg:w-[calc(100%-115px)] agent-turn\">\n<div class=\"flex-col gap-1 md:gap-3\">\n<div class=\"flex flex-grow flex-col max-w-full\">\n<div class=\"min-h-[20px] text-message flex flex-col items-start gap-3 whitespace-pre-wrap break-words [.text-message+&amp;]:mt-5 overflow-x-auto\" data-message-author-role=\"assistant\" data-message-id=\"a95c8cda-d0b0-44a1-8192-03cc0ce66da3\">\n<div class=\"markdown prose w-full break-words dark:prose-invert light\">\n<p>Fabriqu\u00e9e avec des mat\u00e9riaux de haute qualit\u00e9, elle assure un support fiable pour votre Dualtron Victor. Son m\u00e9canisme de d\u00e9ploiement facile permet une utilisation rapide, ajoutant une fonctionnalit\u00e9 pratique \u00e0 votre exp\u00e9rience de conduite. <strong>La b\u00e9quille Dualtron Victor<\/strong> allie robustesse et design, offrant un \u00e9quilibre parfait entre praticit\u00e9 et esth\u00e9tique.<\/p>\n<\/div>\n<\/div>\n<\/div>\n<\/div>\n<\/div>\n<\/div>\n<\/div>\n<\/div>\n","protected":false},"featured_media":70379,"comment_status":"open","ping_status":"closed","template":"","meta":{"om_disable_all_campaigns":false,"_mi_skip_tracking":false,"_monsterinsights_sitenote_active":false,"_monsterinsights_sitenote_note":"","_monsterinsights_sitenote_category":0},"product_cat":[346,18,51],"product_tag":[],"aioseo_notices":[],"_links":{"self":[{"href":"https:\/\/dualtron-store.com\/index.php\/wp-json\/wp\/v2\/product\/70378"}],"collection":[{"href":"https:\/\/dualtron-store.com\/index.php\/wp-json\/wp\/v2\/product"}],"about":[{"href":"https:\/\/dualtron-store.com\/index.php\/wp-json\/wp\/v2\/types\/product"}],"replies":[{"embeddable":true,"href":"https:\/\/dualtron-store.com\/index.php\/wp-json\/wp\/v2\/comments?post=70378"}],"wp:featuredmedia":[{"embeddable":true,"href":"https:\/\/dualtron-store.com\/index.php\/wp-json\/wp\/v2\/media\/70379"}],"wp:attachment":[{"href":"https:\/\/dualtron-store.com\/index.php\/wp-json\/wp\/v2\/media?parent=70378"}],"wp:term":[{"taxonomy":"product_cat","embeddable":true,"href":"https:\/\/dualtron-store.com\/index.php\/wp-json\/wp\/v2\/product_cat?post=70378"},{"taxonomy":"product_tag","embeddable":true,"href":"https:\/\/dualtron-store.com\/index.php\/wp-json\/wp\/v2\/product_tag?post=70378"}],"curies":[{"name":"wp","href":"https:\/\/api.w.org\/{rel}","templated":true}]}}