{"id":70333,"date":"2023-12-13T14:07:23","date_gmt":"2023-12-13T13:07:23","guid":{"rendered":"https:\/\/dualtron-store.com\/?post_type=product&#038;p=70333"},"modified":"2026-02-11T14:55:12","modified_gmt":"2026-02-11T13:55:12","slug":"led-repose-pied-dualtron-victor-thunder-achilleus","status":"publish","type":"product","link":"https:\/\/dualtron-store.com\/index.php\/produit\/led-repose-pied-dualtron-victor-thunder-achilleus\/","title":{"rendered":"Led cale pied (Dualtron Victor, Thunder, Achilleus)"},"content":{"rendered":"","protected":false},"excerpt":{"rendered":"<p>Les Leds pour repose-pieds (Dualtron Victor, Thunder, Achilleus) ajoutent une touche de style \u00e0 votre trottinette \u00e9lectrique tout en am\u00e9liorant la visibilit\u00e9. Parfait m\u00e9lange d&#8217;esth\u00e9tique et de fonctionnalit\u00e9 pour une conduite s\u00e9curis\u00e9e.<\/p>\n","protected":false},"featured_media":70334,"comment_status":"open","ping_status":"closed","template":"","meta":{"om_disable_all_campaigns":false,"_mi_skip_tracking":false,"_monsterinsights_sitenote_active":false,"_monsterinsights_sitenote_note":"","_monsterinsights_sitenote_category":0},"product_cat":[348,346,526,617,274,525,325,742,613,616,18,51],"product_tag":[],"aioseo_notices":[],"_links":{"self":[{"href":"https:\/\/dualtron-store.com\/index.php\/wp-json\/wp\/v2\/product\/70333"}],"collection":[{"href":"https:\/\/dualtron-store.com\/index.php\/wp-json\/wp\/v2\/product"}],"about":[{"href":"https:\/\/dualtron-store.com\/index.php\/wp-json\/wp\/v2\/types\/product"}],"replies":[{"embeddable":true,"href":"https:\/\/dualtron-store.com\/index.php\/wp-json\/wp\/v2\/comments?post=70333"}],"wp:featuredmedia":[{"embeddable":true,"href":"https:\/\/dualtron-store.com\/index.php\/wp-json\/wp\/v2\/media\/70334"}],"wp:attachment":[{"href":"https:\/\/dualtron-store.com\/index.php\/wp-json\/wp\/v2\/media?parent=70333"}],"wp:term":[{"taxonomy":"product_cat","embeddable":true,"href":"https:\/\/dualtron-store.com\/index.php\/wp-json\/wp\/v2\/product_cat?post=70333"},{"taxonomy":"product_tag","embeddable":true,"href":"https:\/\/dualtron-store.com\/index.php\/wp-json\/wp\/v2\/product_tag?post=70333"}],"curies":[{"name":"wp","href":"https:\/\/api.w.org\/{rel}","templated":true}]}}