{"id":70179,"date":"2023-12-09T13:47:17","date_gmt":"2023-12-09T12:47:17","guid":{"rendered":"https:\/\/dualtron-store.com\/?post_type=product&#038;p=70179"},"modified":"2026-04-20T22:45:23","modified_gmt":"2026-04-20T20:45:23","slug":"ressort-cable-de-frein-dualtron-mini-pop","status":"publish","type":"product","link":"https:\/\/dualtron-store.com\/index.php\/produit\/ressort-cable-de-frein-dualtron-mini-pop\/","title":{"rendered":"Ressort cable de frein Dualtron Mini , POP"},"content":{"rendered":"","protected":false},"excerpt":{"rendered":"<p>Ce dispositif garantit une r\u00e9ponse de freinage rapide et pr\u00e9cise, am\u00e9liorant ainsi la s\u00e9curit\u00e9 de l&#8217;utilisateur. Avec le ressort <strong>c\u00e2ble de frein Dualtron Mini POP<\/strong>, vous b\u00e9n\u00e9ficiez d&#8217;une exp\u00e9rience de conduite fluide et fiable, tout en maintenant un contr\u00f4le optimal sur votre trotinette \u00e9lectrique.<\/p>\n","protected":false},"featured_media":70180,"comment_status":"open","ping_status":"closed","template":"","meta":{"om_disable_all_campaigns":false,"_mi_skip_tracking":false,"_monsterinsights_sitenote_active":false,"_monsterinsights_sitenote_note":"","_monsterinsights_sitenote_category":0},"product_cat":[287,545,18,51],"product_tag":[],"aioseo_notices":[],"_links":{"self":[{"href":"https:\/\/dualtron-store.com\/index.php\/wp-json\/wp\/v2\/product\/70179"}],"collection":[{"href":"https:\/\/dualtron-store.com\/index.php\/wp-json\/wp\/v2\/product"}],"about":[{"href":"https:\/\/dualtron-store.com\/index.php\/wp-json\/wp\/v2\/types\/product"}],"replies":[{"embeddable":true,"href":"https:\/\/dualtron-store.com\/index.php\/wp-json\/wp\/v2\/comments?post=70179"}],"wp:featuredmedia":[{"embeddable":true,"href":"https:\/\/dualtron-store.com\/index.php\/wp-json\/wp\/v2\/media\/70180"}],"wp:attachment":[{"href":"https:\/\/dualtron-store.com\/index.php\/wp-json\/wp\/v2\/media?parent=70179"}],"wp:term":[{"taxonomy":"product_cat","embeddable":true,"href":"https:\/\/dualtron-store.com\/index.php\/wp-json\/wp\/v2\/product_cat?post=70179"},{"taxonomy":"product_tag","embeddable":true,"href":"https:\/\/dualtron-store.com\/index.php\/wp-json\/wp\/v2\/product_tag?post=70179"}],"curies":[{"name":"wp","href":"https:\/\/api.w.org\/{rel}","templated":true}]}}