{"id":70175,"date":"2023-12-09T13:16:06","date_gmt":"2023-12-09T12:16:06","guid":{"rendered":"https:\/\/dualtron-store.com\/?post_type=product&#038;p=70175"},"modified":"2025-02-25T18:51:40","modified_gmt":"2025-02-25T17:51:40","slug":"colonne-dualtron-pop","status":"publish","type":"product","link":"https:\/\/dualtron-store.com\/index.php\/produit\/colonne-dualtron-pop\/","title":{"rendered":"Colonne Dualtron POP"},"content":{"rendered":"","protected":false},"excerpt":{"rendered":"<p>La colonne <strong>Dualtron POP<\/strong> est un composant essentiel de la trotinette \u00e9lectrique, offrant une combinaison de robustesse et de l\u00e9g\u00e8ret\u00e9 pour une conduite optimale. Fabriqu\u00e9e avec des mat\u00e9riaux de haute qualit\u00e9, cette colonne garantit une structure solide qui contribue \u00e0 la stabilit\u00e9 de la trotinette.<\/p>\n","protected":false},"featured_media":70178,"comment_status":"open","ping_status":"closed","template":"","meta":{"om_disable_all_campaigns":false,"_mi_skip_tracking":false,"_monsterinsights_sitenote_active":false,"_monsterinsights_sitenote_note":"","_monsterinsights_sitenote_category":0},"product_cat":[545,18,51],"product_tag":[],"aioseo_notices":[],"_links":{"self":[{"href":"https:\/\/dualtron-store.com\/index.php\/wp-json\/wp\/v2\/product\/70175"}],"collection":[{"href":"https:\/\/dualtron-store.com\/index.php\/wp-json\/wp\/v2\/product"}],"about":[{"href":"https:\/\/dualtron-store.com\/index.php\/wp-json\/wp\/v2\/types\/product"}],"replies":[{"embeddable":true,"href":"https:\/\/dualtron-store.com\/index.php\/wp-json\/wp\/v2\/comments?post=70175"}],"wp:featuredmedia":[{"embeddable":true,"href":"https:\/\/dualtron-store.com\/index.php\/wp-json\/wp\/v2\/media\/70178"}],"wp:attachment":[{"href":"https:\/\/dualtron-store.com\/index.php\/wp-json\/wp\/v2\/media?parent=70175"}],"wp:term":[{"taxonomy":"product_cat","embeddable":true,"href":"https:\/\/dualtron-store.com\/index.php\/wp-json\/wp\/v2\/product_cat?post=70175"},{"taxonomy":"product_tag","embeddable":true,"href":"https:\/\/dualtron-store.com\/index.php\/wp-json\/wp\/v2\/product_tag?post=70175"}],"curies":[{"name":"wp","href":"https:\/\/api.w.org\/{rel}","templated":true}]}}