{"id":70165,"date":"2023-12-09T13:00:07","date_gmt":"2023-12-09T12:00:07","guid":{"rendered":"https:\/\/dualtron-store.com\/?post_type=product&#038;p=70165"},"modified":"2024-08-07T14:52:23","modified_gmt":"2024-08-07T12:52:23","slug":"moteur-dualtron-pop-mono-moteur","status":"publish","type":"product","link":"https:\/\/dualtron-store.com\/index.php\/produit\/moteur-dualtron-pop-mono-moteur\/","title":{"rendered":"Moteur Dualtron POP (mono moteur)"},"content":{"rendered":"","protected":false},"excerpt":{"rendered":"<p>Le moteur <strong>Dualtron POP<\/strong> (mono moteur) propulse votre trotinette \u00e9lectrique avec une puissance concentr\u00e9e. Con\u00e7u pour offrir une performance fiable, ce moteur mono moteur garantit une acc\u00e9l\u00e9ration fluide et une vitesse constante.<\/p>\n","protected":false},"featured_media":70166,"comment_status":"open","ping_status":"closed","template":"","meta":{"om_disable_all_campaigns":false,"_mi_skip_tracking":false,"_monsterinsights_sitenote_active":false,"_monsterinsights_sitenote_note":"","_monsterinsights_sitenote_category":0},"product_cat":[545,18,51],"product_tag":[],"aioseo_notices":[],"_links":{"self":[{"href":"https:\/\/dualtron-store.com\/index.php\/wp-json\/wp\/v2\/product\/70165"}],"collection":[{"href":"https:\/\/dualtron-store.com\/index.php\/wp-json\/wp\/v2\/product"}],"about":[{"href":"https:\/\/dualtron-store.com\/index.php\/wp-json\/wp\/v2\/types\/product"}],"replies":[{"embeddable":true,"href":"https:\/\/dualtron-store.com\/index.php\/wp-json\/wp\/v2\/comments?post=70165"}],"wp:featuredmedia":[{"embeddable":true,"href":"https:\/\/dualtron-store.com\/index.php\/wp-json\/wp\/v2\/media\/70166"}],"wp:attachment":[{"href":"https:\/\/dualtron-store.com\/index.php\/wp-json\/wp\/v2\/media?parent=70165"}],"wp:term":[{"taxonomy":"product_cat","embeddable":true,"href":"https:\/\/dualtron-store.com\/index.php\/wp-json\/wp\/v2\/product_cat?post=70165"},{"taxonomy":"product_tag","embeddable":true,"href":"https:\/\/dualtron-store.com\/index.php\/wp-json\/wp\/v2\/product_tag?post=70165"}],"curies":[{"name":"wp","href":"https:\/\/api.w.org\/{rel}","templated":true}]}}