{"id":70161,"date":"2023-12-09T12:56:12","date_gmt":"2023-12-09T11:56:12","guid":{"rendered":"https:\/\/dualtron-store.com\/?post_type=product&#038;p=70161"},"modified":"2023-12-11T12:09:31","modified_gmt":"2023-12-11T11:09:31","slug":"cache-colonne-de-direction-dualtron-pop-haut","status":"publish","type":"product","link":"https:\/\/dualtron-store.com\/index.php\/produit\/cache-colonne-de-direction-dualtron-pop-haut\/","title":{"rendered":"Cache colonne de direction Dualtron POP (haut)"},"content":{"rendered":"","protected":false},"excerpt":{"rendered":"<p>Le cache colonne de direction<strong> Dualtron POP<\/strong> (haut) est une pi\u00e8ce \u00e9l\u00e9gante et fonctionnelle qui ajoute une touche de finition \u00e0 votre trotinette \u00e9lectrique. Fabriqu\u00e9 avec des mat\u00e9riaux de haute qualit\u00e9, ce cache prot\u00e8ge la colonne de direction tout en offrant un aspect esth\u00e9tique soign\u00e9.<\/p>\n","protected":false},"featured_media":70162,"comment_status":"open","ping_status":"closed","template":"","meta":{"om_disable_all_campaigns":false,"_mi_skip_tracking":false,"_monsterinsights_sitenote_active":false,"_monsterinsights_sitenote_note":"","_monsterinsights_sitenote_category":0},"product_cat":[545,18,51],"product_tag":[],"aioseo_notices":[],"_links":{"self":[{"href":"https:\/\/dualtron-store.com\/index.php\/wp-json\/wp\/v2\/product\/70161"}],"collection":[{"href":"https:\/\/dualtron-store.com\/index.php\/wp-json\/wp\/v2\/product"}],"about":[{"href":"https:\/\/dualtron-store.com\/index.php\/wp-json\/wp\/v2\/types\/product"}],"replies":[{"embeddable":true,"href":"https:\/\/dualtron-store.com\/index.php\/wp-json\/wp\/v2\/comments?post=70161"}],"wp:featuredmedia":[{"embeddable":true,"href":"https:\/\/dualtron-store.com\/index.php\/wp-json\/wp\/v2\/media\/70162"}],"wp:attachment":[{"href":"https:\/\/dualtron-store.com\/index.php\/wp-json\/wp\/v2\/media?parent=70161"}],"wp:term":[{"taxonomy":"product_cat","embeddable":true,"href":"https:\/\/dualtron-store.com\/index.php\/wp-json\/wp\/v2\/product_cat?post=70161"},{"taxonomy":"product_tag","embeddable":true,"href":"https:\/\/dualtron-store.com\/index.php\/wp-json\/wp\/v2\/product_tag?post=70161"}],"curies":[{"name":"wp","href":"https:\/\/api.w.org\/{rel}","templated":true}]}}