{"id":70153,"date":"2023-12-09T12:44:05","date_gmt":"2023-12-09T11:44:05","guid":{"rendered":"https:\/\/dualtron-store.com\/?post_type=product&#038;p=70153"},"modified":"2026-03-26T23:25:08","modified_gmt":"2026-03-26T22:25:08","slug":"cable-de-frein-dualtron-pop","status":"publish","type":"product","link":"https:\/\/dualtron-store.com\/index.php\/produit\/cable-de-frein-dualtron-pop\/","title":{"rendered":"Cable de frein Dualtron POP"},"content":{"rendered":"","protected":false},"excerpt":{"rendered":"<p>Le c\u00e2ble de frein <strong>Dualtron POP<\/strong> est une composante essentielle qui assure une performance de freinage fiable et r\u00e9active pour votre trotinette \u00e9lectrique. Fabriqu\u00e9 avec des mat\u00e9riaux de haute qualit\u00e9, ce c\u00e2ble garantit une transmission efficace de la force de freinage, assurant ainsi une r\u00e9ponse instantan\u00e9e lorsque vous en avez besoin.<\/p>\n","protected":false},"featured_media":70154,"comment_status":"open","ping_status":"closed","template":"","meta":{"om_disable_all_campaigns":false,"_mi_skip_tracking":false,"_monsterinsights_sitenote_active":false,"_monsterinsights_sitenote_note":"","_monsterinsights_sitenote_category":0},"product_cat":[545,18,51],"product_tag":[],"aioseo_notices":[],"_links":{"self":[{"href":"https:\/\/dualtron-store.com\/index.php\/wp-json\/wp\/v2\/product\/70153"}],"collection":[{"href":"https:\/\/dualtron-store.com\/index.php\/wp-json\/wp\/v2\/product"}],"about":[{"href":"https:\/\/dualtron-store.com\/index.php\/wp-json\/wp\/v2\/types\/product"}],"replies":[{"embeddable":true,"href":"https:\/\/dualtron-store.com\/index.php\/wp-json\/wp\/v2\/comments?post=70153"}],"wp:featuredmedia":[{"embeddable":true,"href":"https:\/\/dualtron-store.com\/index.php\/wp-json\/wp\/v2\/media\/70154"}],"wp:attachment":[{"href":"https:\/\/dualtron-store.com\/index.php\/wp-json\/wp\/v2\/media?parent=70153"}],"wp:term":[{"taxonomy":"product_cat","embeddable":true,"href":"https:\/\/dualtron-store.com\/index.php\/wp-json\/wp\/v2\/product_cat?post=70153"},{"taxonomy":"product_tag","embeddable":true,"href":"https:\/\/dualtron-store.com\/index.php\/wp-json\/wp\/v2\/product_tag?post=70153"}],"curies":[{"name":"wp","href":"https:\/\/api.w.org\/{rel}","templated":true}]}}