{"id":70150,"date":"2023-12-09T12:41:16","date_gmt":"2023-12-09T11:41:16","guid":{"rendered":"https:\/\/dualtron-store.com\/?post_type=product&#038;p=70150"},"modified":"2025-09-05T18:59:18","modified_gmt":"2025-09-05T16:59:18","slug":"port-de-charge-dualtron-pop","status":"publish","type":"product","link":"https:\/\/dualtron-store.com\/index.php\/produit\/port-de-charge-dualtron-pop\/","title":{"rendered":"Port de charge Dualtron POP"},"content":{"rendered":"","protected":false},"excerpt":{"rendered":"<p>Le port de charge <strong>Dualtron POP<\/strong> est l&#8217;\u00e9l\u00e9ment pratique qui permet de recharger votre trotinette \u00e9lectrique avec facilit\u00e9. Con\u00e7u pour une utilisation intuitive, ce port offre une connectivit\u00e9 fiable pour le chargement de la batterie.<\/p>\n","protected":false},"featured_media":70151,"comment_status":"open","ping_status":"closed","template":"","meta":{"om_disable_all_campaigns":false,"_mi_skip_tracking":false,"_monsterinsights_sitenote_active":false,"_monsterinsights_sitenote_note":"","_monsterinsights_sitenote_category":0},"product_cat":[545,18,51],"product_tag":[],"aioseo_notices":[],"_links":{"self":[{"href":"https:\/\/dualtron-store.com\/index.php\/wp-json\/wp\/v2\/product\/70150"}],"collection":[{"href":"https:\/\/dualtron-store.com\/index.php\/wp-json\/wp\/v2\/product"}],"about":[{"href":"https:\/\/dualtron-store.com\/index.php\/wp-json\/wp\/v2\/types\/product"}],"replies":[{"embeddable":true,"href":"https:\/\/dualtron-store.com\/index.php\/wp-json\/wp\/v2\/comments?post=70150"}],"wp:featuredmedia":[{"embeddable":true,"href":"https:\/\/dualtron-store.com\/index.php\/wp-json\/wp\/v2\/media\/70151"}],"wp:attachment":[{"href":"https:\/\/dualtron-store.com\/index.php\/wp-json\/wp\/v2\/media?parent=70150"}],"wp:term":[{"taxonomy":"product_cat","embeddable":true,"href":"https:\/\/dualtron-store.com\/index.php\/wp-json\/wp\/v2\/product_cat?post=70150"},{"taxonomy":"product_tag","embeddable":true,"href":"https:\/\/dualtron-store.com\/index.php\/wp-json\/wp\/v2\/product_tag?post=70150"}],"curies":[{"name":"wp","href":"https:\/\/api.w.org\/{rel}","templated":true}]}}