{"id":70148,"date":"2023-12-09T12:39:33","date_gmt":"2023-12-09T11:39:33","guid":{"rendered":"https:\/\/dualtron-store.com\/?post_type=product&#038;p=70148"},"modified":"2023-12-11T12:45:14","modified_gmt":"2023-12-11T11:45:14","slug":"garde-boue-avant-dualtron-pop","status":"publish","type":"product","link":"https:\/\/dualtron-store.com\/index.php\/produit\/garde-boue-avant-dualtron-pop\/","title":{"rendered":"Garde boue avant Dualtron POP"},"content":{"rendered":"","protected":false},"excerpt":{"rendered":"<p>Le garde-boue avant Dualtron POP est un accessoire essentiel qui offre une protection efficace contre les \u00e9claboussures et les projections d&#8217;eau pendant vos d\u00e9placements en trotinette \u00e9lectrique. Con\u00e7u sp\u00e9cifiquement pour s&#8217;adapter \u00e0 la trotinette Dualtron POP, ce garde-boue avant contribue \u00e0 maintenir une conduite propre et confortable, tout en prot\u00e9geant les composants de la trotinette des \u00e9ventuels d\u00e9bris routiers.<\/p>\n","protected":false},"featured_media":70149,"comment_status":"open","ping_status":"closed","template":"","meta":{"om_disable_all_campaigns":false,"_mi_skip_tracking":false,"_monsterinsights_sitenote_active":false,"_monsterinsights_sitenote_note":"","_monsterinsights_sitenote_category":0},"product_cat":[545,18,51],"product_tag":[],"aioseo_notices":[],"_links":{"self":[{"href":"https:\/\/dualtron-store.com\/index.php\/wp-json\/wp\/v2\/product\/70148"}],"collection":[{"href":"https:\/\/dualtron-store.com\/index.php\/wp-json\/wp\/v2\/product"}],"about":[{"href":"https:\/\/dualtron-store.com\/index.php\/wp-json\/wp\/v2\/types\/product"}],"replies":[{"embeddable":true,"href":"https:\/\/dualtron-store.com\/index.php\/wp-json\/wp\/v2\/comments?post=70148"}],"wp:featuredmedia":[{"embeddable":true,"href":"https:\/\/dualtron-store.com\/index.php\/wp-json\/wp\/v2\/media\/70149"}],"wp:attachment":[{"href":"https:\/\/dualtron-store.com\/index.php\/wp-json\/wp\/v2\/media?parent=70148"}],"wp:term":[{"taxonomy":"product_cat","embeddable":true,"href":"https:\/\/dualtron-store.com\/index.php\/wp-json\/wp\/v2\/product_cat?post=70148"},{"taxonomy":"product_tag","embeddable":true,"href":"https:\/\/dualtron-store.com\/index.php\/wp-json\/wp\/v2\/product_tag?post=70148"}],"curies":[{"name":"wp","href":"https:\/\/api.w.org\/{rel}","templated":true}]}}