{"id":70087,"date":"2023-12-07T17:27:06","date_gmt":"2023-12-07T16:27:06","guid":{"rendered":"https:\/\/dualtron-store.com\/?post_type=product&#038;p=70087"},"modified":"2025-11-13T10:47:06","modified_gmt":"2025-11-13T09:47:06","slug":"commodo-power-phare-avant-dualtron-pop","status":"publish","type":"product","link":"https:\/\/dualtron-store.com\/index.php\/produit\/commodo-power-phare-avant-dualtron-pop\/","title":{"rendered":"Commodo Power \/ phare avant Dualtron POP"},"content":{"rendered":"","protected":false},"excerpt":{"rendered":"<p><strong>Le commodo Power\/phares avant Dualtron POP<\/strong> est un composant essentiel de la trotinette \u00e9lectrique, offrant une commande intuitive de la puissance du moteur et un contr\u00f4le facile des phares avant. Gr\u00e2ce \u00e0 sa conception ergonomique, il permet aux utilisateurs de r\u00e9guler la vitesse avec pr\u00e9cision tout en assurant une visibilit\u00e9 optimale dans des conditions de faible luminosit\u00e9.<\/p>\n","protected":false},"featured_media":70088,"comment_status":"open","ping_status":"closed","template":"","meta":{"om_disable_all_campaigns":false,"_mi_skip_tracking":false,"_monsterinsights_sitenote_active":false,"_monsterinsights_sitenote_note":"","_monsterinsights_sitenote_category":0},"product_cat":[545,18,51],"product_tag":[],"aioseo_notices":[],"_links":{"self":[{"href":"https:\/\/dualtron-store.com\/index.php\/wp-json\/wp\/v2\/product\/70087"}],"collection":[{"href":"https:\/\/dualtron-store.com\/index.php\/wp-json\/wp\/v2\/product"}],"about":[{"href":"https:\/\/dualtron-store.com\/index.php\/wp-json\/wp\/v2\/types\/product"}],"replies":[{"embeddable":true,"href":"https:\/\/dualtron-store.com\/index.php\/wp-json\/wp\/v2\/comments?post=70087"}],"wp:featuredmedia":[{"embeddable":true,"href":"https:\/\/dualtron-store.com\/index.php\/wp-json\/wp\/v2\/media\/70088"}],"wp:attachment":[{"href":"https:\/\/dualtron-store.com\/index.php\/wp-json\/wp\/v2\/media?parent=70087"}],"wp:term":[{"taxonomy":"product_cat","embeddable":true,"href":"https:\/\/dualtron-store.com\/index.php\/wp-json\/wp\/v2\/product_cat?post=70087"},{"taxonomy":"product_tag","embeddable":true,"href":"https:\/\/dualtron-store.com\/index.php\/wp-json\/wp\/v2\/product_tag?post=70087"}],"curies":[{"name":"wp","href":"https:\/\/api.w.org\/{rel}","templated":true}]}}