{"id":70083,"date":"2023-12-07T17:03:12","date_gmt":"2023-12-07T16:03:12","guid":{"rendered":"https:\/\/dualtron-store.com\/?post_type=product&#038;p=70083"},"modified":"2025-07-10T19:23:36","modified_gmt":"2025-07-10T17:23:36","slug":"commodo-multifonction-dualtron-pop","status":"publish","type":"product","link":"https:\/\/dualtron-store.com\/index.php\/produit\/commodo-multifonction-dualtron-pop\/","title":{"rendered":"Commodo multifonction Dualtron POP"},"content":{"rendered":"","protected":false},"excerpt":{"rendered":"<p>Le commodo multifonction <strong>Dualtron POP<\/strong> est un \u00e9l\u00e9ment polyvalent con\u00e7u pour offrir une exp\u00e9rience de conduite intuitive et pratique avec votre trotinette \u00e9lectrique. Gr\u00e2ce \u00e0 ses fonctionnalit\u00e9s multiples, ce commodo permet de contr\u00f4ler divers aspects de votre trajet, notamment la puissance du moteur, les phares, et d&#8217;autres fonctions essentielles.<\/p>\n","protected":false},"featured_media":70084,"comment_status":"open","ping_status":"closed","template":"","meta":{"om_disable_all_campaigns":false,"_mi_skip_tracking":false,"_monsterinsights_sitenote_active":false,"_monsterinsights_sitenote_note":"","_monsterinsights_sitenote_category":0},"product_cat":[545,18,51],"product_tag":[],"aioseo_notices":[],"_links":{"self":[{"href":"https:\/\/dualtron-store.com\/index.php\/wp-json\/wp\/v2\/product\/70083"}],"collection":[{"href":"https:\/\/dualtron-store.com\/index.php\/wp-json\/wp\/v2\/product"}],"about":[{"href":"https:\/\/dualtron-store.com\/index.php\/wp-json\/wp\/v2\/types\/product"}],"replies":[{"embeddable":true,"href":"https:\/\/dualtron-store.com\/index.php\/wp-json\/wp\/v2\/comments?post=70083"}],"wp:featuredmedia":[{"embeddable":true,"href":"https:\/\/dualtron-store.com\/index.php\/wp-json\/wp\/v2\/media\/70084"}],"wp:attachment":[{"href":"https:\/\/dualtron-store.com\/index.php\/wp-json\/wp\/v2\/media?parent=70083"}],"wp:term":[{"taxonomy":"product_cat","embeddable":true,"href":"https:\/\/dualtron-store.com\/index.php\/wp-json\/wp\/v2\/product_cat?post=70083"},{"taxonomy":"product_tag","embeddable":true,"href":"https:\/\/dualtron-store.com\/index.php\/wp-json\/wp\/v2\/product_tag?post=70083"}],"curies":[{"name":"wp","href":"https:\/\/api.w.org\/{rel}","templated":true}]}}