{"id":70073,"date":"2023-12-07T16:54:56","date_gmt":"2023-12-07T15:54:56","guid":{"rendered":"https:\/\/dualtron-store.com\/?post_type=product&#038;p=70073"},"modified":"2025-06-22T17:05:49","modified_gmt":"2025-06-22T15:05:49","slug":"cache-bras-de-fourche-avant-dualtron-pop","status":"publish","type":"product","link":"https:\/\/dualtron-store.com\/index.php\/produit\/cache-bras-de-fourche-avant-dualtron-pop\/","title":{"rendered":"Cache bras de fourche avant Dualtron POP"},"content":{"rendered":"","protected":false},"excerpt":{"rendered":"<p>Le cache bras de fourche avant <strong>Dualtron POP<\/strong> est un accessoire \u00e9l\u00e9gant con\u00e7u pour optimiser le style et la protection de votre trotinette \u00e9lectrique. Fabriqu\u00e9 avec des mat\u00e9riaux de qualit\u00e9, ce cache s&#8217;ajuste parfaitement \u00e0 la fourche avant, ajoutant une touche esth\u00e9tique distinctive.<\/p>\n","protected":false},"featured_media":70074,"comment_status":"open","ping_status":"closed","template":"","meta":{"om_disable_all_campaigns":false,"_mi_skip_tracking":false,"_monsterinsights_sitenote_active":false,"_monsterinsights_sitenote_note":"","_monsterinsights_sitenote_category":0},"product_cat":[545,18,51],"product_tag":[],"aioseo_notices":[],"_links":{"self":[{"href":"https:\/\/dualtron-store.com\/index.php\/wp-json\/wp\/v2\/product\/70073"}],"collection":[{"href":"https:\/\/dualtron-store.com\/index.php\/wp-json\/wp\/v2\/product"}],"about":[{"href":"https:\/\/dualtron-store.com\/index.php\/wp-json\/wp\/v2\/types\/product"}],"replies":[{"embeddable":true,"href":"https:\/\/dualtron-store.com\/index.php\/wp-json\/wp\/v2\/comments?post=70073"}],"wp:featuredmedia":[{"embeddable":true,"href":"https:\/\/dualtron-store.com\/index.php\/wp-json\/wp\/v2\/media\/70074"}],"wp:attachment":[{"href":"https:\/\/dualtron-store.com\/index.php\/wp-json\/wp\/v2\/media?parent=70073"}],"wp:term":[{"taxonomy":"product_cat","embeddable":true,"href":"https:\/\/dualtron-store.com\/index.php\/wp-json\/wp\/v2\/product_cat?post=70073"},{"taxonomy":"product_tag","embeddable":true,"href":"https:\/\/dualtron-store.com\/index.php\/wp-json\/wp\/v2\/product_tag?post=70073"}],"curies":[{"name":"wp","href":"https:\/\/api.w.org\/{rel}","templated":true}]}}