{"id":70064,"date":"2023-12-07T16:36:22","date_gmt":"2023-12-07T15:36:22","guid":{"rendered":"https:\/\/dualtron-store.com\/?post_type=product&#038;p=70064"},"modified":"2023-12-11T15:39:22","modified_gmt":"2023-12-11T14:39:22","slug":"grip-de-repose-pied-dualtron-pop","status":"publish","type":"product","link":"https:\/\/dualtron-store.com\/index.php\/produit\/grip-de-repose-pied-dualtron-pop\/","title":{"rendered":"Grip de repose Pied Dualtron POP"},"content":{"rendered":"","protected":false},"excerpt":{"rendered":"<p>Le grip de repose-pied <strong>Dualtron POP<\/strong> est un accessoire essentiel con\u00e7u pour offrir une adh\u00e9rence fiable et un confort accru pendant votre trajet en trotinette \u00e9lectrique. Fabriqu\u00e9 avec des mat\u00e9riaux de qualit\u00e9 sup\u00e9rieure, ce grip assure une surface antid\u00e9rapante, offrant une stabilit\u00e9 optimale \u00e0 vos pieds pendant la conduite.<\/p>\n","protected":false},"featured_media":70067,"comment_status":"open","ping_status":"closed","template":"","meta":{"om_disable_all_campaigns":false,"_mi_skip_tracking":false,"_monsterinsights_sitenote_active":false,"_monsterinsights_sitenote_note":"","_monsterinsights_sitenote_category":0},"product_cat":[545,18,51],"product_tag":[],"aioseo_notices":[],"_links":{"self":[{"href":"https:\/\/dualtron-store.com\/index.php\/wp-json\/wp\/v2\/product\/70064"}],"collection":[{"href":"https:\/\/dualtron-store.com\/index.php\/wp-json\/wp\/v2\/product"}],"about":[{"href":"https:\/\/dualtron-store.com\/index.php\/wp-json\/wp\/v2\/types\/product"}],"replies":[{"embeddable":true,"href":"https:\/\/dualtron-store.com\/index.php\/wp-json\/wp\/v2\/comments?post=70064"}],"wp:featuredmedia":[{"embeddable":true,"href":"https:\/\/dualtron-store.com\/index.php\/wp-json\/wp\/v2\/media\/70067"}],"wp:attachment":[{"href":"https:\/\/dualtron-store.com\/index.php\/wp-json\/wp\/v2\/media?parent=70064"}],"wp:term":[{"taxonomy":"product_cat","embeddable":true,"href":"https:\/\/dualtron-store.com\/index.php\/wp-json\/wp\/v2\/product_cat?post=70064"},{"taxonomy":"product_tag","embeddable":true,"href":"https:\/\/dualtron-store.com\/index.php\/wp-json\/wp\/v2\/product_tag?post=70064"}],"curies":[{"name":"wp","href":"https:\/\/api.w.org\/{rel}","templated":true}]}}