{"id":70062,"date":"2023-12-07T16:33:51","date_gmt":"2023-12-07T15:33:51","guid":{"rendered":"https:\/\/dualtron-store.com\/?post_type=product&#038;p=70062"},"modified":"2026-04-08T10:06:31","modified_gmt":"2026-04-08T08:06:31","slug":"molette-systeme-de-pliage-dualtron-pop","status":"publish","type":"product","link":"https:\/\/dualtron-store.com\/index.php\/produit\/molette-systeme-de-pliage-dualtron-pop\/","title":{"rendered":"Molette goupille syst\u00e8me de pliage Dualtron POP"},"content":{"rendered":"","protected":false},"excerpt":{"rendered":"<p>La molette syst\u00e8me de pliage <strong>Dualtron POP<\/strong> est un composant ing\u00e9nieux qui facilite le processus de pliage de votre trotinette \u00e9lectrique. Fabriqu\u00e9e avec pr\u00e9cision, cette molette assure un m\u00e9canisme de pliage fiable et efficace, permettant aux utilisateurs de replier rapidement et en toute s\u00e9curit\u00e9 leur trotinette pour un transport pratique.<\/p>\n","protected":false},"featured_media":70063,"comment_status":"open","ping_status":"closed","template":"","meta":{"om_disable_all_campaigns":false,"_mi_skip_tracking":false,"_monsterinsights_sitenote_active":false,"_monsterinsights_sitenote_note":"","_monsterinsights_sitenote_category":0},"product_cat":[545,18,51],"product_tag":[],"aioseo_notices":[],"_links":{"self":[{"href":"https:\/\/dualtron-store.com\/index.php\/wp-json\/wp\/v2\/product\/70062"}],"collection":[{"href":"https:\/\/dualtron-store.com\/index.php\/wp-json\/wp\/v2\/product"}],"about":[{"href":"https:\/\/dualtron-store.com\/index.php\/wp-json\/wp\/v2\/types\/product"}],"replies":[{"embeddable":true,"href":"https:\/\/dualtron-store.com\/index.php\/wp-json\/wp\/v2\/comments?post=70062"}],"wp:featuredmedia":[{"embeddable":true,"href":"https:\/\/dualtron-store.com\/index.php\/wp-json\/wp\/v2\/media\/70063"}],"wp:attachment":[{"href":"https:\/\/dualtron-store.com\/index.php\/wp-json\/wp\/v2\/media?parent=70062"}],"wp:term":[{"taxonomy":"product_cat","embeddable":true,"href":"https:\/\/dualtron-store.com\/index.php\/wp-json\/wp\/v2\/product_cat?post=70062"},{"taxonomy":"product_tag","embeddable":true,"href":"https:\/\/dualtron-store.com\/index.php\/wp-json\/wp\/v2\/product_tag?post=70062"}],"curies":[{"name":"wp","href":"https:\/\/api.w.org\/{rel}","templated":true}]}}