{"id":70056,"date":"2023-12-07T16:30:50","date_gmt":"2023-12-07T15:30:50","guid":{"rendered":"https:\/\/dualtron-store.com\/?post_type=product&#038;p=70056"},"modified":"2024-09-03T23:10:25","modified_gmt":"2024-09-03T21:10:25","slug":"phare-avant-dualtron-pop","status":"publish","type":"product","link":"https:\/\/dualtron-store.com\/index.php\/produit\/phare-avant-dualtron-pop\/","title":{"rendered":"Phare avant Dualtron POP"},"content":{"rendered":"","protected":false},"excerpt":{"rendered":"<p>La trottinette \u00e9lectrique Dualtron POP est \u00e9quip\u00e9e <strong>d&#8217;un phare avant<\/strong> puissant, offrant une visibilit\u00e9 optimale lors de vos d\u00e9placements nocturnes. Ce phare avant assure une s\u00e9curit\u00e9 accrue en \u00e9clairant efficacement votre chemin, permettant aux utilisateurs de circuler en toute confiance m\u00eame dans des conditions de faible luminosit\u00e9.<\/p>\n","protected":false},"featured_media":70057,"comment_status":"open","ping_status":"closed","template":"","meta":{"om_disable_all_campaigns":false,"_mi_skip_tracking":false,"_monsterinsights_sitenote_active":false,"_monsterinsights_sitenote_note":"","_monsterinsights_sitenote_category":0},"product_cat":[545,18,51],"product_tag":[],"aioseo_notices":[],"_links":{"self":[{"href":"https:\/\/dualtron-store.com\/index.php\/wp-json\/wp\/v2\/product\/70056"}],"collection":[{"href":"https:\/\/dualtron-store.com\/index.php\/wp-json\/wp\/v2\/product"}],"about":[{"href":"https:\/\/dualtron-store.com\/index.php\/wp-json\/wp\/v2\/types\/product"}],"replies":[{"embeddable":true,"href":"https:\/\/dualtron-store.com\/index.php\/wp-json\/wp\/v2\/comments?post=70056"}],"wp:featuredmedia":[{"embeddable":true,"href":"https:\/\/dualtron-store.com\/index.php\/wp-json\/wp\/v2\/media\/70057"}],"wp:attachment":[{"href":"https:\/\/dualtron-store.com\/index.php\/wp-json\/wp\/v2\/media?parent=70056"}],"wp:term":[{"taxonomy":"product_cat","embeddable":true,"href":"https:\/\/dualtron-store.com\/index.php\/wp-json\/wp\/v2\/product_cat?post=70056"},{"taxonomy":"product_tag","embeddable":true,"href":"https:\/\/dualtron-store.com\/index.php\/wp-json\/wp\/v2\/product_tag?post=70056"}],"curies":[{"name":"wp","href":"https:\/\/api.w.org\/{rel}","templated":true}]}}