{"id":69601,"date":"2023-11-24T14:05:53","date_gmt":"2023-11-24T13:05:53","guid":{"rendered":"https:\/\/dualtron-store.com\/?post_type=product&#038;p=69601"},"modified":"2024-11-21T11:54:54","modified_gmt":"2024-11-21T10:54:54","slug":"vis-de-bequille-dualtron-mini","status":"publish","type":"product","link":"https:\/\/dualtron-store.com\/index.php\/produit\/vis-de-bequille-dualtron-mini\/","title":{"rendered":"Vis de b\u00e9quille Dualtron Mini"},"content":{"rendered":"","protected":false},"excerpt":{"rendered":"<p>Ces vis sont sp\u00e9cialement adapt\u00e9es au mod\u00e8le Dualtron Mini, garantissant un ajustement parfait et une fixation robuste de la b\u00e9quille. Fabriqu\u00e9es avec des mat\u00e9riaux de haute qualit\u00e9, ces vis sont \u00e0 la fois durables et r\u00e9sistantes \u00e0 l&#8217;usure, assurant une long\u00e9vit\u00e9 optimale.<\/p>\n<p><strong>(vendu par 2)<\/strong><\/p>\n","protected":false},"featured_media":0,"comment_status":"open","ping_status":"closed","template":"","meta":{"om_disable_all_campaigns":false,"_mi_skip_tracking":false,"_monsterinsights_sitenote_active":false,"_monsterinsights_sitenote_note":"","_monsterinsights_sitenote_category":0},"product_cat":[287,18,51],"product_tag":[],"aioseo_notices":[],"_links":{"self":[{"href":"https:\/\/dualtron-store.com\/index.php\/wp-json\/wp\/v2\/product\/69601"}],"collection":[{"href":"https:\/\/dualtron-store.com\/index.php\/wp-json\/wp\/v2\/product"}],"about":[{"href":"https:\/\/dualtron-store.com\/index.php\/wp-json\/wp\/v2\/types\/product"}],"replies":[{"embeddable":true,"href":"https:\/\/dualtron-store.com\/index.php\/wp-json\/wp\/v2\/comments?post=69601"}],"wp:attachment":[{"href":"https:\/\/dualtron-store.com\/index.php\/wp-json\/wp\/v2\/media?parent=69601"}],"wp:term":[{"taxonomy":"product_cat","embeddable":true,"href":"https:\/\/dualtron-store.com\/index.php\/wp-json\/wp\/v2\/product_cat?post=69601"},{"taxonomy":"product_tag","embeddable":true,"href":"https:\/\/dualtron-store.com\/index.php\/wp-json\/wp\/v2\/product_tag?post=69601"}],"curies":[{"name":"wp","href":"https:\/\/api.w.org\/{rel}","templated":true}]}}