{"id":69356,"date":"2023-11-18T23:37:07","date_gmt":"2023-11-18T22:37:07","guid":{"rendered":"https:\/\/dualtron-store.com\/?post_type=product&#038;p=69356"},"modified":"2026-04-23T14:25:27","modified_gmt":"2026-04-23T12:25:27","slug":"bouchon-cache-port-de-charge-v2-dualtron","status":"publish","type":"product","link":"https:\/\/dualtron-store.com\/index.php\/produit\/bouchon-cache-port-de-charge-v2-dualtron\/","title":{"rendered":"Bouchon cache port de charge V2"},"content":{"rendered":"","protected":false},"excerpt":{"rendered":"<p>Ce bouchon assure une protection fiable du port de charge contre la poussi\u00e8re, l&#8217;humidit\u00e9 et d&#8217;autres \u00e9l\u00e9ments ind\u00e9sirables. Sa conception ergonomique facilite l&#8217;acc\u00e8s au port de charge tout en assurant une \u00e9tanch\u00e9it\u00e9 maximale. Avec le bouchon cache port de charge V2, vous prolongez la dur\u00e9e de vie de votre trottinette en pr\u00e9servant son syst\u00e8me de charge, tout en maintenant un aspect esth\u00e9tique soign\u00e9.<\/p>\n","protected":false},"featured_media":77170,"comment_status":"open","ping_status":"closed","template":"","meta":{"om_disable_all_campaigns":false,"_mi_skip_tracking":false,"_monsterinsights_sitenote_active":false,"_monsterinsights_sitenote_note":"","_monsterinsights_sitenote_category":0},"product_cat":[345,348,346,526,617,641,618,287,545,525,586,615,740,741,325,742,613,616,704,18,51],"product_tag":[],"aioseo_notices":[],"_links":{"self":[{"href":"https:\/\/dualtron-store.com\/index.php\/wp-json\/wp\/v2\/product\/69356"}],"collection":[{"href":"https:\/\/dualtron-store.com\/index.php\/wp-json\/wp\/v2\/product"}],"about":[{"href":"https:\/\/dualtron-store.com\/index.php\/wp-json\/wp\/v2\/types\/product"}],"replies":[{"embeddable":true,"href":"https:\/\/dualtron-store.com\/index.php\/wp-json\/wp\/v2\/comments?post=69356"}],"wp:featuredmedia":[{"embeddable":true,"href":"https:\/\/dualtron-store.com\/index.php\/wp-json\/wp\/v2\/media\/77170"}],"wp:attachment":[{"href":"https:\/\/dualtron-store.com\/index.php\/wp-json\/wp\/v2\/media?parent=69356"}],"wp:term":[{"taxonomy":"product_cat","embeddable":true,"href":"https:\/\/dualtron-store.com\/index.php\/wp-json\/wp\/v2\/product_cat?post=69356"},{"taxonomy":"product_tag","embeddable":true,"href":"https:\/\/dualtron-store.com\/index.php\/wp-json\/wp\/v2\/product_tag?post=69356"}],"curies":[{"name":"wp","href":"https:\/\/api.w.org\/{rel}","templated":true}]}}