{"id":69152,"date":"2023-11-15T11:58:53","date_gmt":"2023-11-15T10:58:53","guid":{"rendered":"https:\/\/dualtron-store.com\/?post_type=product&#038;p=69152"},"modified":"2023-11-15T16:26:06","modified_gmt":"2023-11-15T15:26:06","slug":"levier-de-pliage-dualtron-pop","status":"publish","type":"product","link":"https:\/\/dualtron-store.com\/index.php\/produit\/levier-de-pliage-dualtron-pop\/","title":{"rendered":"LEVIER DE PLIAGE &#8211; DUALTRON POP"},"content":{"rendered":"","protected":false},"excerpt":{"rendered":"<p>Le levier de pliage de la trottinette \u00e9lectrique Dualtron Pop est une fonctionnalit\u00e9 ing\u00e9nieuse qui facilite la portabilit\u00e9 et le stockage. Gr\u00e2ce \u00e0 son levier de pliage intuitif, cette trottinette peut \u00eatre rapidement et facilement pli\u00e9e pour un transport pratique.<\/p>\n","protected":false},"featured_media":69168,"comment_status":"open","ping_status":"closed","template":"","meta":{"om_disable_all_campaigns":false,"_mi_skip_tracking":false,"_monsterinsights_sitenote_active":false,"_monsterinsights_sitenote_note":"","_monsterinsights_sitenote_category":0},"product_cat":[545,51],"product_tag":[],"aioseo_notices":[],"_links":{"self":[{"href":"https:\/\/dualtron-store.com\/index.php\/wp-json\/wp\/v2\/product\/69152"}],"collection":[{"href":"https:\/\/dualtron-store.com\/index.php\/wp-json\/wp\/v2\/product"}],"about":[{"href":"https:\/\/dualtron-store.com\/index.php\/wp-json\/wp\/v2\/types\/product"}],"replies":[{"embeddable":true,"href":"https:\/\/dualtron-store.com\/index.php\/wp-json\/wp\/v2\/comments?post=69152"}],"wp:featuredmedia":[{"embeddable":true,"href":"https:\/\/dualtron-store.com\/index.php\/wp-json\/wp\/v2\/media\/69168"}],"wp:attachment":[{"href":"https:\/\/dualtron-store.com\/index.php\/wp-json\/wp\/v2\/media?parent=69152"}],"wp:term":[{"taxonomy":"product_cat","embeddable":true,"href":"https:\/\/dualtron-store.com\/index.php\/wp-json\/wp\/v2\/product_cat?post=69152"},{"taxonomy":"product_tag","embeddable":true,"href":"https:\/\/dualtron-store.com\/index.php\/wp-json\/wp\/v2\/product_tag?post=69152"}],"curies":[{"name":"wp","href":"https:\/\/api.w.org\/{rel}","templated":true}]}}