{"id":69150,"date":"2023-11-15T11:27:57","date_gmt":"2023-11-15T10:27:57","guid":{"rendered":"https:\/\/dualtron-store.com\/?post_type=product&#038;p=69150"},"modified":"2023-11-15T19:55:35","modified_gmt":"2023-11-15T18:55:35","slug":"ressort-suspension-arriere-pop","status":"publish","type":"product","link":"https:\/\/dualtron-store.com\/index.php\/produit\/ressort-suspension-arriere-pop\/","title":{"rendered":"RESSORT SUSPENSION ARRIERE &#8211; POP"},"content":{"rendered":"","protected":false},"excerpt":{"rendered":"<p><strong>La trottinette \u00e9lectrique Dualtron Pop<\/strong> avec ressort de suspension arri\u00e8re offre une exp\u00e9rience de conduite exceptionnelle en combinant puissance et confort. Dot\u00e9e d&#8217;un syst\u00e8me de suspension arri\u00e8re \u00e0 ressort, elle absorbe efficacement les chocs, offrant ainsi une conduite stable et fluide m\u00eame sur des surfaces irr\u00e9guli\u00e8res.<\/p>\n","protected":false},"featured_media":69151,"comment_status":"open","ping_status":"closed","template":"","meta":{"om_disable_all_campaigns":false,"_mi_skip_tracking":false,"_monsterinsights_sitenote_active":false,"_monsterinsights_sitenote_note":"","_monsterinsights_sitenote_category":0},"product_cat":[545,18,51],"product_tag":[],"aioseo_notices":[],"_links":{"self":[{"href":"https:\/\/dualtron-store.com\/index.php\/wp-json\/wp\/v2\/product\/69150"}],"collection":[{"href":"https:\/\/dualtron-store.com\/index.php\/wp-json\/wp\/v2\/product"}],"about":[{"href":"https:\/\/dualtron-store.com\/index.php\/wp-json\/wp\/v2\/types\/product"}],"replies":[{"embeddable":true,"href":"https:\/\/dualtron-store.com\/index.php\/wp-json\/wp\/v2\/comments?post=69150"}],"wp:featuredmedia":[{"embeddable":true,"href":"https:\/\/dualtron-store.com\/index.php\/wp-json\/wp\/v2\/media\/69151"}],"wp:attachment":[{"href":"https:\/\/dualtron-store.com\/index.php\/wp-json\/wp\/v2\/media?parent=69150"}],"wp:term":[{"taxonomy":"product_cat","embeddable":true,"href":"https:\/\/dualtron-store.com\/index.php\/wp-json\/wp\/v2\/product_cat?post=69150"},{"taxonomy":"product_tag","embeddable":true,"href":"https:\/\/dualtron-store.com\/index.php\/wp-json\/wp\/v2\/product_tag?post=69150"}],"curies":[{"name":"wp","href":"https:\/\/api.w.org\/{rel}","templated":true}]}}