{"id":68973,"date":"2023-11-09T19:03:17","date_gmt":"2023-11-09T18:03:17","guid":{"rendered":"https:\/\/dualtron-store.com\/?post_type=product&#038;p=68973"},"modified":"2023-11-13T12:31:49","modified_gmt":"2023-11-13T11:31:49","slug":"boitier-led-dualtron-pop","status":"publish","type":"product","link":"https:\/\/dualtron-store.com\/index.php\/produit\/boitier-led-dualtron-pop\/","title":{"rendered":"Boitier led Dualtron POP"},"content":{"rendered":"","protected":false},"excerpt":{"rendered":"<p>Le bo\u00eetier LED Dualtron Pop est une pi\u00e8ce d&#8217;accessoire con\u00e7ue sp\u00e9cifiquement pour la trottinette \u00e9lectrique Dualtron Pop. Cet \u00e9l\u00e9ment est soigneusement int\u00e9gr\u00e9 au design de la trottinette, ajoutant une fonctionnalit\u00e9 lumineuse distinctive.<\/p>\n","protected":false},"featured_media":68974,"comment_status":"open","ping_status":"closed","template":"","meta":{"om_disable_all_campaigns":false,"_mi_skip_tracking":false,"_monsterinsights_sitenote_active":false,"_monsterinsights_sitenote_note":"","_monsterinsights_sitenote_category":0},"product_cat":[545,18,51],"product_tag":[],"aioseo_notices":[],"_links":{"self":[{"href":"https:\/\/dualtron-store.com\/index.php\/wp-json\/wp\/v2\/product\/68973"}],"collection":[{"href":"https:\/\/dualtron-store.com\/index.php\/wp-json\/wp\/v2\/product"}],"about":[{"href":"https:\/\/dualtron-store.com\/index.php\/wp-json\/wp\/v2\/types\/product"}],"replies":[{"embeddable":true,"href":"https:\/\/dualtron-store.com\/index.php\/wp-json\/wp\/v2\/comments?post=68973"}],"wp:featuredmedia":[{"embeddable":true,"href":"https:\/\/dualtron-store.com\/index.php\/wp-json\/wp\/v2\/media\/68974"}],"wp:attachment":[{"href":"https:\/\/dualtron-store.com\/index.php\/wp-json\/wp\/v2\/media?parent=68973"}],"wp:term":[{"taxonomy":"product_cat","embeddable":true,"href":"https:\/\/dualtron-store.com\/index.php\/wp-json\/wp\/v2\/product_cat?post=68973"},{"taxonomy":"product_tag","embeddable":true,"href":"https:\/\/dualtron-store.com\/index.php\/wp-json\/wp\/v2\/product_tag?post=68973"}],"curies":[{"name":"wp","href":"https:\/\/api.w.org\/{rel}","templated":true}]}}