{"id":68956,"date":"2023-11-09T11:54:05","date_gmt":"2023-11-09T10:54:05","guid":{"rendered":"https:\/\/dualtron-store.com\/?post_type=product&#038;p=68956"},"modified":"2025-01-23T11:51:06","modified_gmt":"2025-01-23T10:51:06","slug":"capteur-de-frein-pour-levier-de-frein-zoom","status":"publish","type":"product","link":"https:\/\/dualtron-store.com\/index.php\/produit\/capteur-de-frein-pour-levier-de-frein-zoom\/","title":{"rendered":"Capteur de frein pour levier de frein Zoom"},"content":{"rendered":"","protected":false},"excerpt":{"rendered":"<p>Le capteur de frein pour levier de frein Zoom est une pi\u00e8ce d&#8217;accessoire sp\u00e9cialement con\u00e7ue pour les syst\u00e8mes de freinage de trottinettes \u00e9lectriques \u00e9quip\u00e9es de leviers de frein de marque Zoom. Ce capteur sophistiqu\u00e9 am\u00e9liore la pr\u00e9cision du freinage en d\u00e9tectant avec sensibilit\u00e9 les mouvements du levier de frein.<\/p>\n<p><strong>vendu \u00e0 l&#8217;unit\u00e9<\/strong><\/p>\n","protected":false},"featured_media":86373,"comment_status":"open","ping_status":"closed","template":"","meta":{"om_disable_all_campaigns":false,"_mi_skip_tracking":false,"_monsterinsights_sitenote_active":false,"_monsterinsights_sitenote_note":"","_monsterinsights_sitenote_category":0},"product_cat":[346,526,325,18,51],"product_tag":[],"aioseo_notices":[],"_links":{"self":[{"href":"https:\/\/dualtron-store.com\/index.php\/wp-json\/wp\/v2\/product\/68956"}],"collection":[{"href":"https:\/\/dualtron-store.com\/index.php\/wp-json\/wp\/v2\/product"}],"about":[{"href":"https:\/\/dualtron-store.com\/index.php\/wp-json\/wp\/v2\/types\/product"}],"replies":[{"embeddable":true,"href":"https:\/\/dualtron-store.com\/index.php\/wp-json\/wp\/v2\/comments?post=68956"}],"wp:featuredmedia":[{"embeddable":true,"href":"https:\/\/dualtron-store.com\/index.php\/wp-json\/wp\/v2\/media\/86373"}],"wp:attachment":[{"href":"https:\/\/dualtron-store.com\/index.php\/wp-json\/wp\/v2\/media?parent=68956"}],"wp:term":[{"taxonomy":"product_cat","embeddable":true,"href":"https:\/\/dualtron-store.com\/index.php\/wp-json\/wp\/v2\/product_cat?post=68956"},{"taxonomy":"product_tag","embeddable":true,"href":"https:\/\/dualtron-store.com\/index.php\/wp-json\/wp\/v2\/product_tag?post=68956"}],"curies":[{"name":"wp","href":"https:\/\/api.w.org\/{rel}","templated":true}]}}