{"id":68937,"date":"2023-11-08T18:55:52","date_gmt":"2023-11-08T17:55:52","guid":{"rendered":"https:\/\/dualtron-store.com\/?post_type=product&#038;p=68937"},"modified":"2026-03-10T23:26:45","modified_gmt":"2026-03-10T22:26:45","slug":"cable-moteur-dualtron-achilleus-thunder","status":"publish","type":"product","link":"https:\/\/dualtron-store.com\/index.php\/produit\/cable-moteur-dualtron-achilleus-thunder\/","title":{"rendered":"Cable moteur Dualtron Achilleus , Thunder"},"content":{"rendered":"","protected":false},"excerpt":{"rendered":"<p><strong>Le c\u00e2ble moteur Dualtron Achilleus Thunder<\/strong> est une pi\u00e8ce d&#8217;origine con\u00e7ue pour les trottinettes \u00e9lectriques de la gamme Dualtron, notamment les mod\u00e8les Achilleus et Thunder. Ce c\u00e2ble de qualit\u00e9 sup\u00e9rieure assure une connexion fiable entre le moteur et le syst\u00e8me \u00e9lectrique de la trottinette.<\/p>\n","protected":false},"featured_media":68938,"comment_status":"open","ping_status":"closed","template":"","meta":{"om_disable_all_campaigns":false,"_mi_skip_tracking":false,"_monsterinsights_sitenote_active":false,"_monsterinsights_sitenote_note":"","_monsterinsights_sitenote_category":0},"product_cat":[526,274,18,51],"product_tag":[],"aioseo_notices":[],"_links":{"self":[{"href":"https:\/\/dualtron-store.com\/index.php\/wp-json\/wp\/v2\/product\/68937"}],"collection":[{"href":"https:\/\/dualtron-store.com\/index.php\/wp-json\/wp\/v2\/product"}],"about":[{"href":"https:\/\/dualtron-store.com\/index.php\/wp-json\/wp\/v2\/types\/product"}],"replies":[{"embeddable":true,"href":"https:\/\/dualtron-store.com\/index.php\/wp-json\/wp\/v2\/comments?post=68937"}],"wp:featuredmedia":[{"embeddable":true,"href":"https:\/\/dualtron-store.com\/index.php\/wp-json\/wp\/v2\/media\/68938"}],"wp:attachment":[{"href":"https:\/\/dualtron-store.com\/index.php\/wp-json\/wp\/v2\/media?parent=68937"}],"wp:term":[{"taxonomy":"product_cat","embeddable":true,"href":"https:\/\/dualtron-store.com\/index.php\/wp-json\/wp\/v2\/product_cat?post=68937"},{"taxonomy":"product_tag","embeddable":true,"href":"https:\/\/dualtron-store.com\/index.php\/wp-json\/wp\/v2\/product_tag?post=68937"}],"curies":[{"name":"wp","href":"https:\/\/api.w.org\/{rel}","templated":true}]}}