{"id":68932,"date":"2023-11-08T18:52:18","date_gmt":"2023-11-08T17:52:18","guid":{"rendered":"https:\/\/dualtron-store.com\/?post_type=product&#038;p=68932"},"modified":"2026-03-07T07:45:47","modified_gmt":"2026-03-07T06:45:47","slug":"cache-complet-lateral-dualtron-achilleus","status":"publish","type":"product","link":"https:\/\/dualtron-store.com\/index.php\/produit\/cache-complet-lateral-dualtron-achilleus\/","title":{"rendered":"Cache complet lat\u00e9ral Dualtron Achilleus"},"content":{"rendered":"","protected":false},"excerpt":{"rendered":"<p>Le cache complet lat\u00e9ral Dualtron Achilleus est une pi\u00e8ce d&#8217;origine destin\u00e9e aux trottinettes \u00e9lectriques Dualtron Achilleus. Ce cache lat\u00e9ral est soigneusement con\u00e7u pour s&#8217;adapter parfaitement au ch\u00e2ssis de la trottinette, assurant une esth\u00e9tique homog\u00e8ne et une protection efficace.<\/p>\n<p><strong>vendu a l&#8217;unit\u00e9 gauche ou droite<\/strong><\/p>\n","protected":false},"featured_media":68936,"comment_status":"open","ping_status":"closed","template":"","meta":{"om_disable_all_campaigns":false,"_mi_skip_tracking":false,"_monsterinsights_sitenote_active":false,"_monsterinsights_sitenote_note":"","_monsterinsights_sitenote_category":0},"product_cat":[526,18,51],"product_tag":[],"aioseo_notices":[],"_links":{"self":[{"href":"https:\/\/dualtron-store.com\/index.php\/wp-json\/wp\/v2\/product\/68932"}],"collection":[{"href":"https:\/\/dualtron-store.com\/index.php\/wp-json\/wp\/v2\/product"}],"about":[{"href":"https:\/\/dualtron-store.com\/index.php\/wp-json\/wp\/v2\/types\/product"}],"replies":[{"embeddable":true,"href":"https:\/\/dualtron-store.com\/index.php\/wp-json\/wp\/v2\/comments?post=68932"}],"wp:featuredmedia":[{"embeddable":true,"href":"https:\/\/dualtron-store.com\/index.php\/wp-json\/wp\/v2\/media\/68936"}],"wp:attachment":[{"href":"https:\/\/dualtron-store.com\/index.php\/wp-json\/wp\/v2\/media?parent=68932"}],"wp:term":[{"taxonomy":"product_cat","embeddable":true,"href":"https:\/\/dualtron-store.com\/index.php\/wp-json\/wp\/v2\/product_cat?post=68932"},{"taxonomy":"product_tag","embeddable":true,"href":"https:\/\/dualtron-store.com\/index.php\/wp-json\/wp\/v2\/product_tag?post=68932"}],"curies":[{"name":"wp","href":"https:\/\/api.w.org\/{rel}","templated":true}]}}