{"id":68777,"date":"2023-11-04T17:52:12","date_gmt":"2023-11-04T16:52:12","guid":{"rendered":"https:\/\/dualtron-store.com\/index.php\/produit\/chargeur-rapide-v2-dualtron-et-speedway-5\/"},"modified":"2026-04-23T18:28:02","modified_gmt":"2026-04-23T16:28:02","slug":"chargeur-rapide-v2-dualtron-et-speedway-5","status":"publish","type":"product","link":"https:\/\/dualtron-store.com\/index.php\/produit\/chargeur-rapide-v2-dualtron-et-speedway-5\/","title":{"rendered":"Chargeur rapide V3 Dualtron et Rovoron"},"content":{"rendered":"","protected":false},"excerpt":{"rendered":"<p><strong>Le chargeur rapide V3 Dualtron est la chargeur officiel pour r\u00e9aliser une charge rapide sur votre Dualtron .\u00a0<\/strong>Il charge 4 fois plus vite qu&#8217;un chargeur standard (chargeur rapide : 6,5 amp\u00e8res ) .<\/p>\n<p>La tension de ce chargeur est de 66,4V , il permet de charger les Dualtron disposant d&#8217;une batterie de 60V ( Dualtron Victor, achilleus, thunder 2021, eagle, forever, etc&#8230;).<\/p>\n<p><strong>Ce nouveau chargeur rapide V3 est plus silencieux que le pr\u00e9c\u00e9dent, plus l\u00e9ger et plus compact.<\/strong><\/p>\n","protected":false},"featured_media":86698,"comment_status":"open","ping_status":"closed","template":"","meta":{"om_disable_all_campaigns":false,"_mi_skip_tracking":false,"_monsterinsights_sitenote_active":false,"_monsterinsights_sitenote_note":"","_monsterinsights_sitenote_category":0},"product_cat":[275,288,277,276,278,274,279,18,51,52],"product_tag":[],"aioseo_notices":[],"_links":{"self":[{"href":"https:\/\/dualtron-store.com\/index.php\/wp-json\/wp\/v2\/product\/68777"}],"collection":[{"href":"https:\/\/dualtron-store.com\/index.php\/wp-json\/wp\/v2\/product"}],"about":[{"href":"https:\/\/dualtron-store.com\/index.php\/wp-json\/wp\/v2\/types\/product"}],"replies":[{"embeddable":true,"href":"https:\/\/dualtron-store.com\/index.php\/wp-json\/wp\/v2\/comments?post=68777"}],"wp:featuredmedia":[{"embeddable":true,"href":"https:\/\/dualtron-store.com\/index.php\/wp-json\/wp\/v2\/media\/86698"}],"wp:attachment":[{"href":"https:\/\/dualtron-store.com\/index.php\/wp-json\/wp\/v2\/media?parent=68777"}],"wp:term":[{"taxonomy":"product_cat","embeddable":true,"href":"https:\/\/dualtron-store.com\/index.php\/wp-json\/wp\/v2\/product_cat?post=68777"},{"taxonomy":"product_tag","embeddable":true,"href":"https:\/\/dualtron-store.com\/index.php\/wp-json\/wp\/v2\/product_tag?post=68777"}],"curies":[{"name":"wp","href":"https:\/\/api.w.org\/{rel}","templated":true}]}}