{"id":68731,"date":"2023-11-03T20:47:29","date_gmt":"2023-11-03T19:47:29","guid":{"rendered":"https:\/\/dualtron-store.com\/?post_type=product&#038;p=68731"},"modified":"2026-04-01T08:46:40","modified_gmt":"2026-04-01T06:46:40","slug":"afficheur-lcd-ey3-minimotors","status":"publish","type":"product","link":"https:\/\/dualtron-store.com\/index.php\/produit\/afficheur-lcd-ey3-minimotors\/","title":{"rendered":"Afficheur LCD EY3 MiniMotors"},"content":{"rendered":"<p><strong>Video de la configuration du nouvel \u00e9cran LCD EY3 connect\u00e9<\/strong><\/p>\n<p><iframe loading=\"lazy\" title=\"Montage Display Ey3 connect\u00e9 Dualtron avec Application Minimotors\" width=\"1140\" height=\"641\" src=\"https:\/\/www.youtube.com\/embed\/jQ8Z69m1lBQ?feature=oembed\" frameborder=\"0\" allow=\"accelerometer; autoplay; clipboard-write; encrypted-media; gyroscope; picture-in-picture; web-share\" allowfullscreen><\/iframe><\/p>\n","protected":false},"excerpt":{"rendered":"<p><strong>Afficheur LCD EY3 d&#8217;origine MiniMotors pour toutes DUALTRON .<\/strong><\/p>\n<p><strong>La version non connect\u00e9e est pr\u00e9sente d&#8217;origine sur les Dualtron 3, Victor, victor luxury, Thunder, Thunder 2, Spider, Spider 2, raptor 2, Speedway 5, etc.. <\/strong><\/p>\n<p><strong>La version connect\u00e9e est pr\u00e9sente d&#8217;origine sur les Dualtron mini dual moteur et certaines nouvelles Dualtron. Cette version n\u00e9cessite l&#8217;installation de l&#8217;application Minimotors sur le smartphone.Il est possible d&#8217;installer cette version connect\u00e9e sur les anciennes Dualtron qui disposaient la version non connect\u00e9e.<\/strong><\/p>\n<p><strong> Pi\u00e8ce officielle MiniMotors. <\/strong><\/p>\n<p><strong>fourni avec le cable Dualtron . <\/strong><\/p>\n<p><strong>En stock.<\/strong><\/p>\n","protected":false},"featured_media":67859,"comment_status":"open","ping_status":"closed","template":"","meta":{"om_disable_all_campaigns":false,"_mi_skip_tracking":false,"_monsterinsights_sitenote_active":false,"_monsterinsights_sitenote_note":"","_monsterinsights_sitenote_category":0},"product_cat":[345,348,346,275,526,288,277,287,276,528,278,272,274,525,279,280,325,282,18,51],"product_tag":[],"aioseo_notices":[],"_links":{"self":[{"href":"https:\/\/dualtron-store.com\/index.php\/wp-json\/wp\/v2\/product\/68731"}],"collection":[{"href":"https:\/\/dualtron-store.com\/index.php\/wp-json\/wp\/v2\/product"}],"about":[{"href":"https:\/\/dualtron-store.com\/index.php\/wp-json\/wp\/v2\/types\/product"}],"replies":[{"embeddable":true,"href":"https:\/\/dualtron-store.com\/index.php\/wp-json\/wp\/v2\/comments?post=68731"}],"wp:featuredmedia":[{"embeddable":true,"href":"https:\/\/dualtron-store.com\/index.php\/wp-json\/wp\/v2\/media\/67859"}],"wp:attachment":[{"href":"https:\/\/dualtron-store.com\/index.php\/wp-json\/wp\/v2\/media?parent=68731"}],"wp:term":[{"taxonomy":"product_cat","embeddable":true,"href":"https:\/\/dualtron-store.com\/index.php\/wp-json\/wp\/v2\/product_cat?post=68731"},{"taxonomy":"product_tag","embeddable":true,"href":"https:\/\/dualtron-store.com\/index.php\/wp-json\/wp\/v2\/product_tag?post=68731"}],"curies":[{"name":"wp","href":"https:\/\/api.w.org\/{rel}","templated":true}]}}