{"id":68707,"date":"2023-11-03T10:47:19","date_gmt":"2023-11-03T09:47:19","guid":{"rendered":"https:\/\/dualtron-store.com\/?post_type=product&#038;p=68707"},"modified":"2024-11-21T11:52:09","modified_gmt":"2024-11-21T10:52:09","slug":"levier-frein-gauche-spw-mini-4-pro-leger","status":"publish","type":"product","link":"https:\/\/dualtron-store.com\/index.php\/produit\/levier-frein-gauche-spw-mini-4-pro-leger\/","title":{"rendered":"LEVIER FREIN GAUCHE &#8211; SPW MINI 4 PRO &#038; LEGER"},"content":{"rendered":"","protected":false},"excerpt":{"rendered":"<p><strong>Le Levier de Frein Gauche SPW Mini 4 Pro &amp; L\u00e9ger<\/strong> est l&#8217;accessoire incontournable pour am\u00e9liorer \u00e0 la fois la s\u00e9curit\u00e9 et le contr\u00f4le de votre trottinette \u00e9lectrique. Con\u00e7u pour s&#8217;adapter parfaitement \u00e0 la SPW Mini 4 Pro, il offre une exp\u00e9rience de conduite plus s\u00fbre et plus pratique.<\/p>\n","protected":false},"featured_media":68708,"comment_status":"open","ping_status":"closed","template":"","meta":{"om_disable_all_campaigns":false,"_mi_skip_tracking":false,"_monsterinsights_sitenote_active":false,"_monsterinsights_sitenote_note":"","_monsterinsights_sitenote_category":0},"product_cat":[284,18,52],"product_tag":[],"aioseo_notices":[],"_links":{"self":[{"href":"https:\/\/dualtron-store.com\/index.php\/wp-json\/wp\/v2\/product\/68707"}],"collection":[{"href":"https:\/\/dualtron-store.com\/index.php\/wp-json\/wp\/v2\/product"}],"about":[{"href":"https:\/\/dualtron-store.com\/index.php\/wp-json\/wp\/v2\/types\/product"}],"replies":[{"embeddable":true,"href":"https:\/\/dualtron-store.com\/index.php\/wp-json\/wp\/v2\/comments?post=68707"}],"wp:featuredmedia":[{"embeddable":true,"href":"https:\/\/dualtron-store.com\/index.php\/wp-json\/wp\/v2\/media\/68708"}],"wp:attachment":[{"href":"https:\/\/dualtron-store.com\/index.php\/wp-json\/wp\/v2\/media?parent=68707"}],"wp:term":[{"taxonomy":"product_cat","embeddable":true,"href":"https:\/\/dualtron-store.com\/index.php\/wp-json\/wp\/v2\/product_cat?post=68707"},{"taxonomy":"product_tag","embeddable":true,"href":"https:\/\/dualtron-store.com\/index.php\/wp-json\/wp\/v2\/product_tag?post=68707"}],"curies":[{"name":"wp","href":"https:\/\/api.w.org\/{rel}","templated":true}]}}