{"id":68704,"date":"2023-11-03T10:23:12","date_gmt":"2023-11-03T09:23:12","guid":{"rendered":"https:\/\/dualtron-store.com\/?post_type=product&#038;p=68704"},"modified":"2023-11-09T19:06:39","modified_gmt":"2023-11-09T18:06:39","slug":"controleur-dualtron-3","status":"publish","type":"product","link":"https:\/\/dualtron-store.com\/index.php\/produit\/controleur-dualtron-3\/","title":{"rendered":"CONTROLEUR DUALTRON 3"},"content":{"rendered":"","protected":false},"excerpt":{"rendered":"<p><strong>Le Contr\u00f4leur Dualtron 3<\/strong> est l&#8217;\u00e9l\u00e9ment essentiel pour propulser votre trottinette \u00e9lectrique vers de nouveaux sommets de performance. Con\u00e7u avec pr\u00e9cision pour garantir une exp\u00e9rience de conduite am\u00e9lior\u00e9e, ce contr\u00f4leur vous offre un contr\u00f4le total sur votre engin.<\/p>\n","protected":false},"featured_media":68705,"comment_status":"open","ping_status":"closed","template":"","meta":{"om_disable_all_campaigns":false,"_mi_skip_tracking":false,"_monsterinsights_sitenote_active":false,"_monsterinsights_sitenote_note":"","_monsterinsights_sitenote_category":0},"product_cat":[18],"product_tag":[],"aioseo_notices":[],"_links":{"self":[{"href":"https:\/\/dualtron-store.com\/index.php\/wp-json\/wp\/v2\/product\/68704"}],"collection":[{"href":"https:\/\/dualtron-store.com\/index.php\/wp-json\/wp\/v2\/product"}],"about":[{"href":"https:\/\/dualtron-store.com\/index.php\/wp-json\/wp\/v2\/types\/product"}],"replies":[{"embeddable":true,"href":"https:\/\/dualtron-store.com\/index.php\/wp-json\/wp\/v2\/comments?post=68704"}],"wp:featuredmedia":[{"embeddable":true,"href":"https:\/\/dualtron-store.com\/index.php\/wp-json\/wp\/v2\/media\/68705"}],"wp:attachment":[{"href":"https:\/\/dualtron-store.com\/index.php\/wp-json\/wp\/v2\/media?parent=68704"}],"wp:term":[{"taxonomy":"product_cat","embeddable":true,"href":"https:\/\/dualtron-store.com\/index.php\/wp-json\/wp\/v2\/product_cat?post=68704"},{"taxonomy":"product_tag","embeddable":true,"href":"https:\/\/dualtron-store.com\/index.php\/wp-json\/wp\/v2\/product_tag?post=68704"}],"curies":[{"name":"wp","href":"https:\/\/api.w.org\/{rel}","templated":true}]}}