{"id":68642,"date":"2023-11-02T16:55:26","date_gmt":"2023-11-02T15:55:26","guid":{"rendered":"https:\/\/dualtron-store.com\/?post_type=product&#038;p=68642"},"modified":"2026-04-17T10:31:21","modified_gmt":"2026-04-17T08:31:21","slug":"dualtron-achilleus","status":"publish","type":"product","link":"https:\/\/dualtron-store.com\/index.php\/produit\/dualtron-achilleus\/","title":{"rendered":"Dualtron Achilleus LTD 2026"},"content":{"rendered":"<h2><strong>D\u00e9couvrez les mises \u00e0 jour captivantes de la version limited 2026 : <\/strong><\/h2>\n<p>Cette nouvelle <strong>Dualtron Achilleus LTD<\/strong> dispose d\u00e9sormais de la colonne robuste thunder 3. Elle dispo du Display EYE 4, le Grip deck en silicone, un phare avant puissant et un klaxon puissant. Cette Achilleus offre un niveau de confort, de s\u00e9curit\u00e9 et de performance in\u00e9gal\u00e9.<\/p>\n<h2><strong>Dualtron Achilleus limited : un bon compromis en 11 pouces<\/strong><\/h2>\n<p>La <strong>Dualtron Achilleus<\/strong> se positionne comme la rel\u00e8ve de la g\u00e9n\u00e9ration de la Dualtron Thunder, et elle ne laisse rien \u00e0 d\u00e9sirer en mati\u00e8re de modernit\u00e9, de fiabilit\u00e9 et de performance.<\/p>\n<p>D&#8217;abord, laissez-vous impressionner par le design de la <strong>Dualtron Achilleus<\/strong> 60V 35Ah, emprunt\u00e9 \u00e0 la Dualtron Thunder 3, conservant ainsi la philosophie de la marque. Tout en restant sobre et \u00e9l\u00e9gant, ce mod\u00e8le se d\u00e9marque gr\u00e2ce \u00e0 ses \u00e9quipements de pointe. Vous serez combl\u00e9 par les freins full hydrauliques, un repose-pied int\u00e9gr\u00e9 dans le deck, ainsi qu&#8217;une suspension am\u00e9lior\u00e9e qui rend cette trottinette tout simplement in\u00e9gal\u00e9e.<\/p>\n<p>&nbsp;<\/p>\n<h2><strong>Caract\u00e9ristiques \u00c9poustouflantes :<\/strong><\/h2>\n<p>Aux c\u00f4t\u00e9s de son design et de ses \u00e9quipements, la <strong>Dualtron Achilleus limited \u00a0<\/strong>impressionne par ses performances exceptionnelles. D\u00e9couvrez sa puissance ph\u00e9nom\u00e9nale de 4700W, propuls\u00e9e par deux moteurs. Parfaitement adapt\u00e9e aux mont\u00e9es et aux terrains accident\u00e9s, cette trottinette ne vous laissera jamais tomber.<\/p>\n<p>\u00c9quip\u00e9e de pneus 11&#8243;, \u00e0 l&#8217;image de la Thunder, elle garantit une adh\u00e9rence in\u00e9gal\u00e9e sur tous les types de sol. De plus, elle partage la m\u00eame batterie LG 60V 35Ah de haute qualit\u00e9 que la Thunder, mais avec une autonomie l\u00e9g\u00e8rement sup\u00e9rieure, gr\u00e2ce \u00e0 son contr\u00f4leur 35A \u00e9conome en \u00e9nergie.<\/p>\n<p>&nbsp;<\/p>\n<h2><strong>Photo de la dualtron Achilleus limited 2026 :<\/strong><\/h2>\n<p>&nbsp;<\/p>\n<p><a href=\"https:\/\/dualtron-store.com\/wp-content\/uploads\/2023\/11\/Dualtron-Achilleus.jpeg\"><img loading=\"lazy\" class=\"alignnone wp-image-97018\" src=\"https:\/\/dualtron-store.com\/wp-content\/uploads\/2023\/11\/Dualtron-Achilleus.jpeg\" alt=\"\" width=\"344\" height=\"337\" \/><\/a><\/p>\n<p><a href=\"https:\/\/dualtron-store.com\/wp-content\/uploads\/2023\/11\/dualtron-achilleus-noire-2.jpeg\"><img loading=\"lazy\" class=\"alignnone wp-image-97017\" src=\"https:\/\/dualtron-store.com\/wp-content\/uploads\/2023\/11\/dualtron-achilleus-noire-2.jpeg\" alt=\"\" width=\"335\" height=\"519\" \/><\/a><\/p>\n<p><a href=\"https:\/\/dualtron-store.com\/wp-content\/uploads\/2023\/11\/TROTTINETTE-ELECTRIQUE-DUALTRON-ACHILLEUS-60V35AH-ROUGE-2025-2.png\"><img loading=\"lazy\" class=\"alignnone wp-image-97019\" src=\"https:\/\/dualtron-store.com\/wp-content\/uploads\/2023\/11\/TROTTINETTE-ELECTRIQUE-DUALTRON-ACHILLEUS-60V35AH-ROUGE-2025-2.png\" alt=\"\" width=\"425\" height=\"283\" srcset=\"https:\/\/dualtron-store.com\/wp-content\/uploads\/2023\/11\/TROTTINETTE-ELECTRIQUE-DUALTRON-ACHILLEUS-60V35AH-ROUGE-2025-2-400x267.png 400w, https:\/\/dualtron-store.com\/wp-content\/uploads\/2023\/11\/TROTTINETTE-ELECTRIQUE-DUALTRON-ACHILLEUS-60V35AH-ROUGE-2025-2-367x245.png 367w\" sizes=\"(max-width: 425px) 100vw, 425px\" \/><\/a><\/p>\n<h2><strong>Caract\u00e9ristiques techniques :<\/strong><\/h2>\n<p><strong>Batterie : <\/strong>60V 35Ah LG 21700<\/p>\n<p><strong>Puissance :<\/strong> 4648W<\/p>\n<p><strong>Autonomie :<\/strong> 120 km<\/p>\n<p><strong>Vitesse brid\u00e9e : <\/strong>25 km\/h<\/p>\n<p><strong>Vitesse max : <\/strong>80 km\/h<\/p>\n<p><strong>Freinage : <\/strong>hydraulique \u00e0 disque NUTT<\/p>\n<p><strong>Poids :<\/strong> 40 kg<\/p>\n<p><strong>Roues : <\/strong>11&#8243; tubeless<\/p>\n<p><strong>Taille d\u00e9pli\u00e9e : <\/strong>1250 x 615 x 1240 mm (L x l x h)<\/p>\n<p><strong>Taille pli\u00e9e : <\/strong>1250 x 275 x 560 mm (L x l x h)<\/p>\n<p>&nbsp;<\/p>\n<h2><strong>Pourquoi acheter la Dualtron Achilleus chez DUALTRON Store ?<\/strong><\/h2>\n<p><strong>DUALTRON Store\u00a0\u00ae\u00a0, boutique\u00a0officielle de la marque,<\/strong>\u00a0dispose \u00e0 son catalogue de l&#8217;ensemble des trottinettes \u00e9lectriques du Fabricant Minimotors ( Dualtron, Futecher, Speedway, Blade, Rovoron) et\u00a0vous offre un service PREMIUM .<\/p>\n<p>Nous nous attachons \u00e0 pr\u00e9parer chaque trottinette avant remise au client. Avant exp\u00e9dition, la <strong>Dualtron Achilleus Limited <\/strong>sera v\u00e9rifi\u00e9e. Elle sera r\u00e9gl\u00e9e en atelier suivant vos attentes (r\u00e9glage du niveau de puissance, montage d&#8217;accessoires, mise en place de pi\u00e8ces de customisation, &#8230;).<\/p>\n<p>Afin de facilit\u00e9 l&#8217;achat de votre Trottinette, <strong>Dualtron Store\u00a0<\/strong>vous propose des solutions de financement. Avec les partenaires de confiance <a href=\"https:\/\/almapay.com\"><strong>ALMA <\/strong><\/a>et <a href=\"https:\/\/www.younited-credit.com\"><strong>Younited<\/strong><\/a>, vous pourrez r\u00e9gler votre <strong>Dualtron Achilleus<\/strong> entre 2 et 60 mensualit\u00e9s. Vous pouvez \u00e9galement apporter un apport et financer uniquement une partie du montant. Pour cela, contacter nous directement par mail ou par t\u00e9l\u00e9phone. Bien \u00e9videmment, un cr\u00e9dit vous engage et doit \u00eatre rembours\u00e9. V\u00e9rifiez vos capacit\u00e9s de remboursement avant de vous engager.<img loading=\"lazy\" class=\"aligncenter wp-image-86287 size-full\" src=\"https:\/\/dualtron-store.com\/wp-content\/uploads\/2025\/01\/younited-alma.jpg\" alt=\"\" width=\"618\" height=\"110\" srcset=\"https:\/\/dualtron-store.com\/wp-content\/uploads\/2025\/01\/younited-alma.jpg 618w, https:\/\/dualtron-store.com\/wp-content\/uploads\/2025\/01\/younited-alma-400x71.jpg 400w, https:\/\/dualtron-store.com\/wp-content\/uploads\/2025\/01\/younited-alma-367x65.jpg 367w, https:\/\/dualtron-store.com\/wp-content\/uploads\/2025\/01\/younited-alma-600x107.jpg 600w\" sizes=\"(max-width: 618px) 100vw, 618px\" \/><\/p>\n<p><strong>Enfin, n&#8217;h\u00e9sitez pas \u00e0 nous contacter par t\u00e9l\u00e9phone \/ sms au 07 61 87 64 04 ou 06 95 90 31 91 ou par mail (<a href=\"mailto:info@dualtron-store.com\">info@dualtron-store.com<\/a>) pour vous aider dans votre choix et\/ou r\u00e9pondre \u00e0 vos questions.<\/strong><\/p>\n<p>&nbsp;<\/p>\n","protected":false},"excerpt":{"rendered":"<p>Plongez dans l&#8217;univers de la mobilit\u00e9 \u00e9lectrique ultime avec la <strong>Dualtron Achilleus<\/strong>. Cette trottinette \u00e9lectrique incarne une fusion parfaite entre <strong>puissance<\/strong>, <strong>style et innovation<\/strong>. Pr\u00e9parez-vous \u00e0 vivre une exp\u00e9rience de conduite in\u00e9gal\u00e9e, red\u00e9finissant vos d\u00e9placements gr\u00e2ce \u00e0 ses performances de pointe, son design contemporain et ses fonctionnalit\u00e9s innovantes.<\/p>\n<p><span style=\"color: #800080;\"><strong>Chargeur rapide offert.<\/strong><\/span><\/p>\n<p>&nbsp;<\/p>\n","protected":false},"featured_media":97016,"comment_status":"open","ping_status":"closed","template":"","meta":{"om_disable_all_campaigns":false,"_mi_skip_tracking":false,"_monsterinsights_sitenote_active":false,"_monsterinsights_sitenote_note":"","_monsterinsights_sitenote_category":0},"product_cat":[526,20,38],"product_tag":[],"aioseo_notices":[],"_links":{"self":[{"href":"https:\/\/dualtron-store.com\/index.php\/wp-json\/wp\/v2\/product\/68642"}],"collection":[{"href":"https:\/\/dualtron-store.com\/index.php\/wp-json\/wp\/v2\/product"}],"about":[{"href":"https:\/\/dualtron-store.com\/index.php\/wp-json\/wp\/v2\/types\/product"}],"replies":[{"embeddable":true,"href":"https:\/\/dualtron-store.com\/index.php\/wp-json\/wp\/v2\/comments?post=68642"}],"wp:featuredmedia":[{"embeddable":true,"href":"https:\/\/dualtron-store.com\/index.php\/wp-json\/wp\/v2\/media\/97016"}],"wp:attachment":[{"href":"https:\/\/dualtron-store.com\/index.php\/wp-json\/wp\/v2\/media?parent=68642"}],"wp:term":[{"taxonomy":"product_cat","embeddable":true,"href":"https:\/\/dualtron-store.com\/index.php\/wp-json\/wp\/v2\/product_cat?post=68642"},{"taxonomy":"product_tag","embeddable":true,"href":"https:\/\/dualtron-store.com\/index.php\/wp-json\/wp\/v2\/product_tag?post=68642"}],"curies":[{"name":"wp","href":"https:\/\/api.w.org\/{rel}","templated":true}]}}