{"id":68624,"date":"2023-11-02T12:22:43","date_gmt":"2023-11-02T11:22:43","guid":{"rendered":"https:\/\/dualtron-store.com\/?post_type=product&#038;p=68624"},"modified":"2026-02-11T14:57:41","modified_gmt":"2026-02-11T13:57:41","slug":"support-accelerateur-ey4-dualtron-pop","status":"publish","type":"product","link":"https:\/\/dualtron-store.com\/index.php\/produit\/support-accelerateur-ey4-dualtron-pop\/","title":{"rendered":"SUPPORT ACCELERATEUR EY4 DUALTRON"},"content":{"rendered":"","protected":false},"excerpt":{"rendered":"<p><strong>Le Support Acc\u00e9l\u00e9rateur EY4 Dualtron Pop<\/strong> est un accessoire essentiel con\u00e7u pour am\u00e9liorer la stabilit\u00e9 et le contr\u00f4le de votre trottinette \u00e9lectrique Dualtron Pop. Avec sa conception pr\u00e9cise et solide, ce support garantit un montage s\u00e9curis\u00e9 de l&#8217;acc\u00e9l\u00e9rateur, ce qui se traduit par une exp\u00e9rience de conduite plus fluide et confortable.<\/p>\n","protected":false},"featured_media":82198,"comment_status":"open","ping_status":"closed","template":"","meta":{"om_disable_all_campaigns":false,"_mi_skip_tracking":false,"_monsterinsights_sitenote_active":false,"_monsterinsights_sitenote_note":"","_monsterinsights_sitenote_category":0},"product_cat":[348,617,545,525,615,740,741,325,613,704,18,51],"product_tag":[],"aioseo_notices":[],"_links":{"self":[{"href":"https:\/\/dualtron-store.com\/index.php\/wp-json\/wp\/v2\/product\/68624"}],"collection":[{"href":"https:\/\/dualtron-store.com\/index.php\/wp-json\/wp\/v2\/product"}],"about":[{"href":"https:\/\/dualtron-store.com\/index.php\/wp-json\/wp\/v2\/types\/product"}],"replies":[{"embeddable":true,"href":"https:\/\/dualtron-store.com\/index.php\/wp-json\/wp\/v2\/comments?post=68624"}],"wp:featuredmedia":[{"embeddable":true,"href":"https:\/\/dualtron-store.com\/index.php\/wp-json\/wp\/v2\/media\/82198"}],"wp:attachment":[{"href":"https:\/\/dualtron-store.com\/index.php\/wp-json\/wp\/v2\/media?parent=68624"}],"wp:term":[{"taxonomy":"product_cat","embeddable":true,"href":"https:\/\/dualtron-store.com\/index.php\/wp-json\/wp\/v2\/product_cat?post=68624"},{"taxonomy":"product_tag","embeddable":true,"href":"https:\/\/dualtron-store.com\/index.php\/wp-json\/wp\/v2\/product_tag?post=68624"}],"curies":[{"name":"wp","href":"https:\/\/api.w.org\/{rel}","templated":true}]}}