{"id":68621,"date":"2023-11-02T12:08:22","date_gmt":"2023-11-02T11:08:22","guid":{"rendered":"https:\/\/dualtron-store.com\/?post_type=product&#038;p=68621"},"modified":"2025-10-15T19:02:37","modified_gmt":"2025-10-15T17:02:37","slug":"gachette-accelerateur-dualtron-pop","status":"publish","type":"product","link":"https:\/\/dualtron-store.com\/index.php\/produit\/gachette-accelerateur-dualtron-pop\/","title":{"rendered":"Gachette Acc\u00e9l\u00e9rateur  Dualtron POP"},"content":{"rendered":"","protected":false},"excerpt":{"rendered":"<p><strong>L&#8217;Acc\u00e9l\u00e9rateur Dualtron Pop<\/strong> est un composant essentiel con\u00e7u pour optimiser les performances de votre trottinette \u00e9lectrique Dualtron Pop. Dot\u00e9 d&#8217;une conception pr\u00e9cise et ergonomique, il vous permet de contr\u00f4ler la vitesse et l&#8217;acc\u00e9l\u00e9ration de mani\u00e8re fluide et r\u00e9active.<\/p>\n","protected":false},"featured_media":70089,"comment_status":"open","ping_status":"closed","template":"","meta":{"om_disable_all_campaigns":false,"_mi_skip_tracking":false,"_monsterinsights_sitenote_active":false,"_monsterinsights_sitenote_note":"","_monsterinsights_sitenote_category":0},"product_cat":[545,18,51],"product_tag":[],"aioseo_notices":[],"_links":{"self":[{"href":"https:\/\/dualtron-store.com\/index.php\/wp-json\/wp\/v2\/product\/68621"}],"collection":[{"href":"https:\/\/dualtron-store.com\/index.php\/wp-json\/wp\/v2\/product"}],"about":[{"href":"https:\/\/dualtron-store.com\/index.php\/wp-json\/wp\/v2\/types\/product"}],"replies":[{"embeddable":true,"href":"https:\/\/dualtron-store.com\/index.php\/wp-json\/wp\/v2\/comments?post=68621"}],"wp:featuredmedia":[{"embeddable":true,"href":"https:\/\/dualtron-store.com\/index.php\/wp-json\/wp\/v2\/media\/70089"}],"wp:attachment":[{"href":"https:\/\/dualtron-store.com\/index.php\/wp-json\/wp\/v2\/media?parent=68621"}],"wp:term":[{"taxonomy":"product_cat","embeddable":true,"href":"https:\/\/dualtron-store.com\/index.php\/wp-json\/wp\/v2\/product_cat?post=68621"},{"taxonomy":"product_tag","embeddable":true,"href":"https:\/\/dualtron-store.com\/index.php\/wp-json\/wp\/v2\/product_tag?post=68621"}],"curies":[{"name":"wp","href":"https:\/\/api.w.org\/{rel}","templated":true}]}}