{"id":68620,"date":"2023-11-02T11:52:55","date_gmt":"2023-11-02T10:52:55","guid":{"rendered":"https:\/\/dualtron-store.com\/?post_type=product&#038;p=68620"},"modified":"2025-02-19T20:18:31","modified_gmt":"2025-02-19T19:18:31","slug":"klaxon-dualtron-pop","status":"publish","type":"product","link":"https:\/\/dualtron-store.com\/index.php\/produit\/klaxon-dualtron-pop\/","title":{"rendered":"KLAXON DUALTRON POP"},"content":{"rendered":"","protected":false},"excerpt":{"rendered":"<p><strong>Le Klaxon Dualtron Pop<\/strong> est l&#8217;accessoire id\u00e9al pour am\u00e9liorer la s\u00e9curit\u00e9 et la visibilit\u00e9 de votre trottinette \u00e9lectrique. Ce klaxon de haute qualit\u00e9 \u00e9met un avertissement sonore puissant pour signaler votre pr\u00e9sence sur la route, garantissant ainsi une conduite plus s\u00e9curis\u00e9e, que ce soit en ville ou sur des pistes cyclables.<\/p>\n","protected":false},"featured_media":68619,"comment_status":"open","ping_status":"closed","template":"","meta":{"om_disable_all_campaigns":false,"_mi_skip_tracking":false,"_monsterinsights_sitenote_active":false,"_monsterinsights_sitenote_note":"","_monsterinsights_sitenote_category":0},"product_cat":[545,18],"product_tag":[],"aioseo_notices":[],"_links":{"self":[{"href":"https:\/\/dualtron-store.com\/index.php\/wp-json\/wp\/v2\/product\/68620"}],"collection":[{"href":"https:\/\/dualtron-store.com\/index.php\/wp-json\/wp\/v2\/product"}],"about":[{"href":"https:\/\/dualtron-store.com\/index.php\/wp-json\/wp\/v2\/types\/product"}],"replies":[{"embeddable":true,"href":"https:\/\/dualtron-store.com\/index.php\/wp-json\/wp\/v2\/comments?post=68620"}],"wp:featuredmedia":[{"embeddable":true,"href":"https:\/\/dualtron-store.com\/index.php\/wp-json\/wp\/v2\/media\/68619"}],"wp:attachment":[{"href":"https:\/\/dualtron-store.com\/index.php\/wp-json\/wp\/v2\/media?parent=68620"}],"wp:term":[{"taxonomy":"product_cat","embeddable":true,"href":"https:\/\/dualtron-store.com\/index.php\/wp-json\/wp\/v2\/product_cat?post=68620"},{"taxonomy":"product_tag","embeddable":true,"href":"https:\/\/dualtron-store.com\/index.php\/wp-json\/wp\/v2\/product_tag?post=68620"}],"curies":[{"name":"wp","href":"https:\/\/api.w.org\/{rel}","templated":true}]}}