{"id":68581,"date":"2023-11-01T14:51:28","date_gmt":"2023-11-01T13:51:28","guid":{"rendered":"https:\/\/dualtron-store.com\/?post_type=product&#038;p=68581"},"modified":"2026-03-13T17:33:31","modified_gmt":"2026-03-13T16:33:31","slug":"bas-de-potence-dualtron","status":"publish","type":"product","link":"https:\/\/dualtron-store.com\/index.php\/produit\/bas-de-potence-dualtron\/","title":{"rendered":"Bas de potence Dualtron"},"content":{"rendered":"","protected":false},"excerpt":{"rendered":"<p><strong>Le Bas de Potence Dualtron<\/strong> est un composant essentiel con\u00e7u pour les trottinettes \u00e9lectriques de la gamme Dualtron. Robuste et fiable, il assure une connexion solide entre la potence et le reste de la trottinette. Fabriqu\u00e9 avec des mat\u00e9riaux de haute qualit\u00e9, ce bas de potence garantit une conduite stable et s\u00e9curis\u00e9e, m\u00eame dans des conditions exigeantes.<\/p>\n","protected":false},"featured_media":68582,"comment_status":"open","ping_status":"closed","template":"","meta":{"om_disable_all_campaigns":false,"_mi_skip_tracking":false,"_monsterinsights_sitenote_active":false,"_monsterinsights_sitenote_note":"","_monsterinsights_sitenote_category":0},"product_cat":[345,348,346,275,526,641,288,277,287,276,528,743,272,274,740,741,279,280,325,613,616,704,18,51],"product_tag":[],"aioseo_notices":[],"_links":{"self":[{"href":"https:\/\/dualtron-store.com\/index.php\/wp-json\/wp\/v2\/product\/68581"}],"collection":[{"href":"https:\/\/dualtron-store.com\/index.php\/wp-json\/wp\/v2\/product"}],"about":[{"href":"https:\/\/dualtron-store.com\/index.php\/wp-json\/wp\/v2\/types\/product"}],"replies":[{"embeddable":true,"href":"https:\/\/dualtron-store.com\/index.php\/wp-json\/wp\/v2\/comments?post=68581"}],"wp:featuredmedia":[{"embeddable":true,"href":"https:\/\/dualtron-store.com\/index.php\/wp-json\/wp\/v2\/media\/68582"}],"wp:attachment":[{"href":"https:\/\/dualtron-store.com\/index.php\/wp-json\/wp\/v2\/media?parent=68581"}],"wp:term":[{"taxonomy":"product_cat","embeddable":true,"href":"https:\/\/dualtron-store.com\/index.php\/wp-json\/wp\/v2\/product_cat?post=68581"},{"taxonomy":"product_tag","embeddable":true,"href":"https:\/\/dualtron-store.com\/index.php\/wp-json\/wp\/v2\/product_tag?post=68581"}],"curies":[{"name":"wp","href":"https:\/\/api.w.org\/{rel}","templated":true}]}}