{"id":68471,"date":"2023-10-30T21:37:50","date_gmt":"2023-10-30T20:37:50","guid":{"rendered":"https:\/\/dualtron-store.com\/?post_type=product&#038;p=68471"},"modified":"2026-04-05T11:01:48","modified_gmt":"2026-04-05T09:01:48","slug":"adaptateur-de-potence","status":"publish","type":"product","link":"https:\/\/dualtron-store.com\/index.php\/produit\/adaptateur-de-potence\/","title":{"rendered":"Adaptateur de potence"},"content":{"rendered":"","protected":false},"excerpt":{"rendered":"<p>L&#8217;Adapteur de Potence est un accessoire ing\u00e9nieux con\u00e7u pour am\u00e9liorer la polyvalence et le confort de votre trottinette \u00e9lectrique. En quelques gestes simples, il vous permet de personnaliser la hauteur de votre potence, offrant ainsi une exp\u00e9rience de conduite plus ergonomique.<\/p>\n","protected":false},"featured_media":68765,"comment_status":"open","ping_status":"closed","template":"","meta":{"om_disable_all_campaigns":false,"_mi_skip_tracking":false,"_monsterinsights_sitenote_active":false,"_monsterinsights_sitenote_note":"","_monsterinsights_sitenote_category":0},"product_cat":[17],"product_tag":[],"aioseo_notices":[],"_links":{"self":[{"href":"https:\/\/dualtron-store.com\/index.php\/wp-json\/wp\/v2\/product\/68471"}],"collection":[{"href":"https:\/\/dualtron-store.com\/index.php\/wp-json\/wp\/v2\/product"}],"about":[{"href":"https:\/\/dualtron-store.com\/index.php\/wp-json\/wp\/v2\/types\/product"}],"replies":[{"embeddable":true,"href":"https:\/\/dualtron-store.com\/index.php\/wp-json\/wp\/v2\/comments?post=68471"}],"wp:featuredmedia":[{"embeddable":true,"href":"https:\/\/dualtron-store.com\/index.php\/wp-json\/wp\/v2\/media\/68765"}],"wp:attachment":[{"href":"https:\/\/dualtron-store.com\/index.php\/wp-json\/wp\/v2\/media?parent=68471"}],"wp:term":[{"taxonomy":"product_cat","embeddable":true,"href":"https:\/\/dualtron-store.com\/index.php\/wp-json\/wp\/v2\/product_cat?post=68471"},{"taxonomy":"product_tag","embeddable":true,"href":"https:\/\/dualtron-store.com\/index.php\/wp-json\/wp\/v2\/product_tag?post=68471"}],"curies":[{"name":"wp","href":"https:\/\/api.w.org\/{rel}","templated":true}]}}