{"id":68387,"date":"2023-10-28T16:19:26","date_gmt":"2023-10-28T14:19:26","guid":{"rendered":"https:\/\/dualtron-store.com\/?post_type=product&#038;p=68387"},"modified":"2023-11-16T12:36:28","modified_gmt":"2023-11-16T11:36:28","slug":"acompte-dualtron-thunder-3-et-teverun-7260r","status":"publish","type":"product","link":"https:\/\/dualtron-store.com\/index.php\/produit\/acompte-dualtron-thunder-3-et-teverun-7260r\/","title":{"rendered":"Acompte Dualtron Thunder 3 et teverun 7260R"},"content":{"rendered":"","protected":false},"excerpt":{"rendered":"<p><strong>Acompte de 2000 euros pour une dualtron thunder 3 et une teverun 7260R.<\/strong><\/p>\n<p><strong>Le montant total n\u00e9goci\u00e9 avec retrait \u00e0 la boutique du Mans est de 8500 euros TTC.<\/strong><\/p>\n<p><strong>Le solde de 6500 euros sera \u00e0 r\u00e9gler avant r\u00e9cup\u00e9ration des machines.<\/strong><\/p>\n","protected":false},"featured_media":0,"comment_status":"open","ping_status":"closed","template":"","meta":{"om_disable_all_campaigns":false,"_mi_skip_tracking":false,"_monsterinsights_sitenote_active":false,"_monsterinsights_sitenote_note":"","_monsterinsights_sitenote_category":0},"product_cat":[20,38],"product_tag":[],"aioseo_notices":[],"_links":{"self":[{"href":"https:\/\/dualtron-store.com\/index.php\/wp-json\/wp\/v2\/product\/68387"}],"collection":[{"href":"https:\/\/dualtron-store.com\/index.php\/wp-json\/wp\/v2\/product"}],"about":[{"href":"https:\/\/dualtron-store.com\/index.php\/wp-json\/wp\/v2\/types\/product"}],"replies":[{"embeddable":true,"href":"https:\/\/dualtron-store.com\/index.php\/wp-json\/wp\/v2\/comments?post=68387"}],"wp:attachment":[{"href":"https:\/\/dualtron-store.com\/index.php\/wp-json\/wp\/v2\/media?parent=68387"}],"wp:term":[{"taxonomy":"product_cat","embeddable":true,"href":"https:\/\/dualtron-store.com\/index.php\/wp-json\/wp\/v2\/product_cat?post=68387"},{"taxonomy":"product_tag","embeddable":true,"href":"https:\/\/dualtron-store.com\/index.php\/wp-json\/wp\/v2\/product_tag?post=68387"}],"curies":[{"name":"wp","href":"https:\/\/api.w.org\/{rel}","templated":true}]}}