{"id":68309,"date":"2023-10-26T12:23:04","date_gmt":"2023-10-26T10:23:04","guid":{"rendered":"https:\/\/dualtron-store.com\/?post_type=product&#038;p=68309"},"modified":"2024-11-21T11:51:08","modified_gmt":"2024-11-21T10:51:08","slug":"fourche-arriere-complete-dualtron-mini","status":"publish","type":"product","link":"https:\/\/dualtron-store.com\/index.php\/produit\/fourche-arriere-complete-dualtron-mini\/","title":{"rendered":"FOURCHE ARRI\u00c8RE COMPL\u00c8TE  &#8211; DUALTRON MINI"},"content":{"rendered":"","protected":false},"excerpt":{"rendered":"<p>La fourche arri\u00e8re compl\u00e8te <strong>Dualtron Mini<\/strong> est l&#8217;accessoire essentiel pour les propri\u00e9taires de trottinettes \u00e9lectriques Dualtron Mini. Cette pi\u00e8ce de rechange comprend non seulement une <strong>fourche arri\u00e8re<\/strong> de haute qualit\u00e9 pour votre trottinette, mais elle est \u00e9galement \u00e9quip\u00e9e de <strong>LED int\u00e9gr\u00e9es<\/strong> pour une visibilit\u00e9 accrue la nuit, am\u00e9liorant ainsi votre s\u00e9curit\u00e9 sur la route. De plus, cette fourche arri\u00e8re compl\u00e8te est dot\u00e9e de <strong>cale-pieds int\u00e9gr\u00e9s<\/strong> pour un confort suppl\u00e9mentaire lors de la conduite.<\/p>\n","protected":false},"featured_media":68310,"comment_status":"open","ping_status":"closed","template":"","meta":{"om_disable_all_campaigns":false,"_mi_skip_tracking":false,"_monsterinsights_sitenote_active":false,"_monsterinsights_sitenote_note":"","_monsterinsights_sitenote_category":0},"product_cat":[287,18,51],"product_tag":[],"aioseo_notices":[],"_links":{"self":[{"href":"https:\/\/dualtron-store.com\/index.php\/wp-json\/wp\/v2\/product\/68309"}],"collection":[{"href":"https:\/\/dualtron-store.com\/index.php\/wp-json\/wp\/v2\/product"}],"about":[{"href":"https:\/\/dualtron-store.com\/index.php\/wp-json\/wp\/v2\/types\/product"}],"replies":[{"embeddable":true,"href":"https:\/\/dualtron-store.com\/index.php\/wp-json\/wp\/v2\/comments?post=68309"}],"wp:featuredmedia":[{"embeddable":true,"href":"https:\/\/dualtron-store.com\/index.php\/wp-json\/wp\/v2\/media\/68310"}],"wp:attachment":[{"href":"https:\/\/dualtron-store.com\/index.php\/wp-json\/wp\/v2\/media?parent=68309"}],"wp:term":[{"taxonomy":"product_cat","embeddable":true,"href":"https:\/\/dualtron-store.com\/index.php\/wp-json\/wp\/v2\/product_cat?post=68309"},{"taxonomy":"product_tag","embeddable":true,"href":"https:\/\/dualtron-store.com\/index.php\/wp-json\/wp\/v2\/product_tag?post=68309"}],"curies":[{"name":"wp","href":"https:\/\/api.w.org\/{rel}","templated":true}]}}