{"id":68304,"date":"2023-10-26T11:20:34","date_gmt":"2023-10-26T09:20:34","guid":{"rendered":"https:\/\/dualtron-store.com\/?post_type=product&#038;p=68304"},"modified":"2026-04-23T13:44:45","modified_gmt":"2026-04-23T11:44:45","slug":"loquet-de-serrage-pour-guidon-pliable-dualtron","status":"publish","type":"product","link":"https:\/\/dualtron-store.com\/index.php\/produit\/loquet-de-serrage-pour-guidon-pliable-dualtron\/","title":{"rendered":"LEVIER LOQUET DE SERRAGE POUR GUIDON PLIABLE &#8211; DUALTRON"},"content":{"rendered":"","protected":false},"excerpt":{"rendered":"<p>Le loquet de serrage pour guidon pliable Dualtron est l&#8217;accessoire parfait pour les propri\u00e9taires de trottinettes \u00e9lectriques Dualtron. Ce loquet robuste et fiable permet de verrouiller le guidon en position pli\u00e9e de mani\u00e8re s\u00e9curis\u00e9e, facilitant ainsi le transport et le rangement de votre trottinette.<\/p>\n<p>(vendu \u00e0 l&#8217;unit\u00e9)<\/p>\n","protected":false},"featured_media":68305,"comment_status":"open","ping_status":"closed","template":"","meta":{"om_disable_all_campaigns":false,"_mi_skip_tracking":false,"_monsterinsights_sitenote_active":false,"_monsterinsights_sitenote_note":"","_monsterinsights_sitenote_category":0},"product_cat":[345,348,346,275,526,617,734,641,288,277,618,287,528,743,272,274,525,740,741,280,325,742,613,616,704,744,745,746,18,51],"product_tag":[],"aioseo_notices":[],"_links":{"self":[{"href":"https:\/\/dualtron-store.com\/index.php\/wp-json\/wp\/v2\/product\/68304"}],"collection":[{"href":"https:\/\/dualtron-store.com\/index.php\/wp-json\/wp\/v2\/product"}],"about":[{"href":"https:\/\/dualtron-store.com\/index.php\/wp-json\/wp\/v2\/types\/product"}],"replies":[{"embeddable":true,"href":"https:\/\/dualtron-store.com\/index.php\/wp-json\/wp\/v2\/comments?post=68304"}],"wp:featuredmedia":[{"embeddable":true,"href":"https:\/\/dualtron-store.com\/index.php\/wp-json\/wp\/v2\/media\/68305"}],"wp:attachment":[{"href":"https:\/\/dualtron-store.com\/index.php\/wp-json\/wp\/v2\/media?parent=68304"}],"wp:term":[{"taxonomy":"product_cat","embeddable":true,"href":"https:\/\/dualtron-store.com\/index.php\/wp-json\/wp\/v2\/product_cat?post=68304"},{"taxonomy":"product_tag","embeddable":true,"href":"https:\/\/dualtron-store.com\/index.php\/wp-json\/wp\/v2\/product_tag?post=68304"}],"curies":[{"name":"wp","href":"https:\/\/api.w.org\/{rel}","templated":true}]}}