{"id":68283,"date":"2023-10-29T18:27:05","date_gmt":"2023-10-29T17:27:05","guid":{"rendered":"https:\/\/dualtron-store.com\/?post_type=product&#038;p=68283"},"modified":"2023-12-15T00:29:34","modified_gmt":"2023-12-14T23:29:34","slug":"gants-chauffants-tucano-urbano","status":"publish","type":"product","link":"https:\/\/dualtron-store.com\/index.php\/produit\/gants-chauffants-tucano-urbano\/","title":{"rendered":"GANTS CHAUFFANTS TUCANO URBANO"},"content":{"rendered":"<p><iframe loading=\"lazy\" title=\"Test gants chauffants - trottinette \u00e9lectrique\" width=\"1140\" height=\"641\" src=\"https:\/\/www.youtube.com\/embed\/-2-w84kRtxE?feature=oembed\" frameborder=\"0\" allow=\"accelerometer; autoplay; clipboard-write; encrypted-media; gyroscope; picture-in-picture; web-share\" allowfullscreen><\/iframe><\/p>\n","protected":false},"excerpt":{"rendered":"<p>Les gants chauffants <strong>Tucano Urbano<\/strong> sont l&#8217;accessoire parfait pour les amateurs de trottinettes \u00e9lectriques qui veulent rester au chaud tout en restant connect\u00e9s. Ces gants haut de gamme offrent une chaleur confortable gr\u00e2ce \u00e0 leur syst\u00e8me de chauffage int\u00e9gr\u00e9, tout en permettant une utilisation facile des \u00e9crans tactiles gr\u00e2ce \u00e0 leurs boutons sp\u00e9ciaux.<\/p>\n","protected":false},"featured_media":68284,"comment_status":"open","ping_status":"closed","template":"","meta":{"om_disable_all_campaigns":false,"_mi_skip_tracking":false,"_monsterinsights_sitenote_active":false,"_monsterinsights_sitenote_note":"","_monsterinsights_sitenote_category":0},"product_cat":[17],"product_tag":[],"aioseo_notices":[],"_links":{"self":[{"href":"https:\/\/dualtron-store.com\/index.php\/wp-json\/wp\/v2\/product\/68283"}],"collection":[{"href":"https:\/\/dualtron-store.com\/index.php\/wp-json\/wp\/v2\/product"}],"about":[{"href":"https:\/\/dualtron-store.com\/index.php\/wp-json\/wp\/v2\/types\/product"}],"replies":[{"embeddable":true,"href":"https:\/\/dualtron-store.com\/index.php\/wp-json\/wp\/v2\/comments?post=68283"}],"wp:featuredmedia":[{"embeddable":true,"href":"https:\/\/dualtron-store.com\/index.php\/wp-json\/wp\/v2\/media\/68284"}],"wp:attachment":[{"href":"https:\/\/dualtron-store.com\/index.php\/wp-json\/wp\/v2\/media?parent=68283"}],"wp:term":[{"taxonomy":"product_cat","embeddable":true,"href":"https:\/\/dualtron-store.com\/index.php\/wp-json\/wp\/v2\/product_cat?post=68283"},{"taxonomy":"product_tag","embeddable":true,"href":"https:\/\/dualtron-store.com\/index.php\/wp-json\/wp\/v2\/product_tag?post=68283"}],"curies":[{"name":"wp","href":"https:\/\/api.w.org\/{rel}","templated":true}]}}