{"id":68194,"date":"2023-10-22T23:35:36","date_gmt":"2023-10-22T21:35:36","guid":{"rendered":"https:\/\/dualtron-store.com\/?post_type=product&#038;p=68194"},"modified":"2023-11-13T18:35:09","modified_gmt":"2023-11-13T17:35:09","slug":"deck-dualton-ultra-2","status":"publish","type":"product","link":"https:\/\/dualtron-store.com\/index.php\/produit\/deck-dualton-ultra-2\/","title":{"rendered":"Deck Dualton Ultra 2"},"content":{"rendered":"","protected":false},"excerpt":{"rendered":"<p>Le deck Dualtron Ultra 2 est con\u00e7u pour offrir la combinaison parfaite de l\u00e9g\u00e8ret\u00e9, de durabilit\u00e9 et de performance. Fabriqu\u00e9 avec des mat\u00e9riaux de haute qualit\u00e9, ce deck est sp\u00e9cialement con\u00e7u pour les trottinettes \u00e9lectriques Dualtron Ultra 2, offrant une plateforme solide pour une conduite en toute confiance. Avec un design ergonomique et une finition de qualit\u00e9, il garantit un confort exceptionnel tout en vous permettant de tirer le meilleur parti de votre trottinette \u00e9lectrique.<\/p>\n<p><strong>VENDU SANS GRIPPE<\/strong><\/p>\n","protected":false},"featured_media":68195,"comment_status":"open","ping_status":"closed","template":"","meta":{"om_disable_all_campaigns":false,"_mi_skip_tracking":false,"_monsterinsights_sitenote_active":false,"_monsterinsights_sitenote_note":"","_monsterinsights_sitenote_category":0},"product_cat":[280,18,51],"product_tag":[],"aioseo_notices":[],"_links":{"self":[{"href":"https:\/\/dualtron-store.com\/index.php\/wp-json\/wp\/v2\/product\/68194"}],"collection":[{"href":"https:\/\/dualtron-store.com\/index.php\/wp-json\/wp\/v2\/product"}],"about":[{"href":"https:\/\/dualtron-store.com\/index.php\/wp-json\/wp\/v2\/types\/product"}],"replies":[{"embeddable":true,"href":"https:\/\/dualtron-store.com\/index.php\/wp-json\/wp\/v2\/comments?post=68194"}],"wp:featuredmedia":[{"embeddable":true,"href":"https:\/\/dualtron-store.com\/index.php\/wp-json\/wp\/v2\/media\/68195"}],"wp:attachment":[{"href":"https:\/\/dualtron-store.com\/index.php\/wp-json\/wp\/v2\/media?parent=68194"}],"wp:term":[{"taxonomy":"product_cat","embeddable":true,"href":"https:\/\/dualtron-store.com\/index.php\/wp-json\/wp\/v2\/product_cat?post=68194"},{"taxonomy":"product_tag","embeddable":true,"href":"https:\/\/dualtron-store.com\/index.php\/wp-json\/wp\/v2\/product_tag?post=68194"}],"curies":[{"name":"wp","href":"https:\/\/api.w.org\/{rel}","templated":true}]}}