{"id":68191,"date":"2023-10-22T23:32:11","date_gmt":"2023-10-22T21:32:11","guid":{"rendered":"https:\/\/dualtron-store.com\/?post_type=product&#038;p=68191"},"modified":"2024-03-25T11:33:28","modified_gmt":"2024-03-25T10:33:28","slug":"bequille-dualtron-ultra-2","status":"publish","type":"product","link":"https:\/\/dualtron-store.com\/index.php\/produit\/bequille-dualtron-ultra-2\/","title":{"rendered":"B\u00e9quille Dualtron Ultra 2"},"content":{"rendered":"","protected":false},"excerpt":{"rendered":"<p><strong>La b\u00e9quille Dualtron Ultra 2<\/strong> est l&#8217;accessoire pratique dont chaque propri\u00e9taire de trottinette \u00e9lectrique Dualtron Ultra 2 a besoin. Fabriqu\u00e9e pour s&#8217;adapter parfaitement \u00e0 ce mod\u00e8le de trottinette, elle offre une solution pratique pour stationner votre engin en toute s\u00e9curit\u00e9.<\/p>\n","protected":false},"featured_media":68193,"comment_status":"open","ping_status":"closed","template":"","meta":{"om_disable_all_campaigns":false,"_mi_skip_tracking":false,"_monsterinsights_sitenote_active":false,"_monsterinsights_sitenote_note":"","_monsterinsights_sitenote_category":0},"product_cat":[280,18,51],"product_tag":[],"aioseo_notices":[],"_links":{"self":[{"href":"https:\/\/dualtron-store.com\/index.php\/wp-json\/wp\/v2\/product\/68191"}],"collection":[{"href":"https:\/\/dualtron-store.com\/index.php\/wp-json\/wp\/v2\/product"}],"about":[{"href":"https:\/\/dualtron-store.com\/index.php\/wp-json\/wp\/v2\/types\/product"}],"replies":[{"embeddable":true,"href":"https:\/\/dualtron-store.com\/index.php\/wp-json\/wp\/v2\/comments?post=68191"}],"wp:featuredmedia":[{"embeddable":true,"href":"https:\/\/dualtron-store.com\/index.php\/wp-json\/wp\/v2\/media\/68193"}],"wp:attachment":[{"href":"https:\/\/dualtron-store.com\/index.php\/wp-json\/wp\/v2\/media?parent=68191"}],"wp:term":[{"taxonomy":"product_cat","embeddable":true,"href":"https:\/\/dualtron-store.com\/index.php\/wp-json\/wp\/v2\/product_cat?post=68191"},{"taxonomy":"product_tag","embeddable":true,"href":"https:\/\/dualtron-store.com\/index.php\/wp-json\/wp\/v2\/product_tag?post=68191"}],"curies":[{"name":"wp","href":"https:\/\/api.w.org\/{rel}","templated":true}]}}