{"id":68189,"date":"2023-10-22T23:29:24","date_gmt":"2023-10-22T21:29:24","guid":{"rendered":"https:\/\/dualtron-store.com\/?post_type=product&#038;p=68189"},"modified":"2025-02-06T19:23:15","modified_gmt":"2025-02-06T18:23:15","slug":"batterie-colonne-dualtron-x2","status":"publish","type":"product","link":"https:\/\/dualtron-store.com\/index.php\/produit\/batterie-colonne-dualtron-x2\/","title":{"rendered":"Batterie colonne Dualtron X2"},"content":{"rendered":"","protected":false},"excerpt":{"rendered":"<p><strong>La batterie colonne Dualtron X2<\/strong> est l&#8217;\u00e9l\u00e9ment central de la puissance et de l&#8217;autonomie de votre trottinette \u00e9lectrique Dualtron X2. Con\u00e7ue pour fournir des performances de haut niveau, cette batterie offre une capacit\u00e9 exceptionnelle pour des trajets plus longs et plus puissants.<\/p>\n","protected":false},"featured_media":68190,"comment_status":"open","ping_status":"closed","template":"","meta":{"om_disable_all_campaigns":false,"_mi_skip_tracking":false,"_monsterinsights_sitenote_active":false,"_monsterinsights_sitenote_note":"","_monsterinsights_sitenote_category":0},"product_cat":[273,18,51],"product_tag":[],"aioseo_notices":[],"_links":{"self":[{"href":"https:\/\/dualtron-store.com\/index.php\/wp-json\/wp\/v2\/product\/68189"}],"collection":[{"href":"https:\/\/dualtron-store.com\/index.php\/wp-json\/wp\/v2\/product"}],"about":[{"href":"https:\/\/dualtron-store.com\/index.php\/wp-json\/wp\/v2\/types\/product"}],"replies":[{"embeddable":true,"href":"https:\/\/dualtron-store.com\/index.php\/wp-json\/wp\/v2\/comments?post=68189"}],"wp:featuredmedia":[{"embeddable":true,"href":"https:\/\/dualtron-store.com\/index.php\/wp-json\/wp\/v2\/media\/68190"}],"wp:attachment":[{"href":"https:\/\/dualtron-store.com\/index.php\/wp-json\/wp\/v2\/media?parent=68189"}],"wp:term":[{"taxonomy":"product_cat","embeddable":true,"href":"https:\/\/dualtron-store.com\/index.php\/wp-json\/wp\/v2\/product_cat?post=68189"},{"taxonomy":"product_tag","embeddable":true,"href":"https:\/\/dualtron-store.com\/index.php\/wp-json\/wp\/v2\/product_tag?post=68189"}],"curies":[{"name":"wp","href":"https:\/\/api.w.org\/{rel}","templated":true}]}}