{"id":68187,"date":"2023-10-22T23:25:49","date_gmt":"2023-10-22T21:25:49","guid":{"rendered":"https:\/\/dualtron-store.com\/?post_type=product&#038;p=68187"},"modified":"2026-01-03T21:51:25","modified_gmt":"2026-01-03T20:51:25","slug":"controleur-dualtron-spider-2","status":"publish","type":"product","link":"https:\/\/dualtron-store.com\/index.php\/produit\/controleur-dualtron-spider-2\/","title":{"rendered":"Controleur Dualtron Spider 2"},"content":{"rendered":"","protected":false},"excerpt":{"rendered":"<p>Le <strong>Contr\u00f4leur Dualtron Spider 2<\/strong> est un composant essentiel con\u00e7u pour les trottinettes \u00e9lectriques <strong>Dualtron Spider 2<\/strong>. Ce contr\u00f4leur de haute qualit\u00e9 est sp\u00e9cialement con\u00e7u pour optimiser les performances de la trottinette, offrant une gestion pr\u00e9cise de la vitesse, de la puissance et de la s\u00e9curit\u00e9.<\/p>\n","protected":false},"featured_media":68188,"comment_status":"open","ping_status":"closed","template":"","meta":{"om_disable_all_campaigns":false,"_mi_skip_tracking":false,"_monsterinsights_sitenote_active":false,"_monsterinsights_sitenote_note":"","_monsterinsights_sitenote_category":0},"product_cat":[18,51],"product_tag":[],"aioseo_notices":[],"_links":{"self":[{"href":"https:\/\/dualtron-store.com\/index.php\/wp-json\/wp\/v2\/product\/68187"}],"collection":[{"href":"https:\/\/dualtron-store.com\/index.php\/wp-json\/wp\/v2\/product"}],"about":[{"href":"https:\/\/dualtron-store.com\/index.php\/wp-json\/wp\/v2\/types\/product"}],"replies":[{"embeddable":true,"href":"https:\/\/dualtron-store.com\/index.php\/wp-json\/wp\/v2\/comments?post=68187"}],"wp:featuredmedia":[{"embeddable":true,"href":"https:\/\/dualtron-store.com\/index.php\/wp-json\/wp\/v2\/media\/68188"}],"wp:attachment":[{"href":"https:\/\/dualtron-store.com\/index.php\/wp-json\/wp\/v2\/media?parent=68187"}],"wp:term":[{"taxonomy":"product_cat","embeddable":true,"href":"https:\/\/dualtron-store.com\/index.php\/wp-json\/wp\/v2\/product_cat?post=68187"},{"taxonomy":"product_tag","embeddable":true,"href":"https:\/\/dualtron-store.com\/index.php\/wp-json\/wp\/v2\/product_tag?post=68187"}],"curies":[{"name":"wp","href":"https:\/\/api.w.org\/{rel}","templated":true}]}}