{"id":68178,"date":"2023-10-22T23:03:35","date_gmt":"2023-10-22T21:03:35","guid":{"rendered":"https:\/\/dualtron-store.com\/?post_type=product&#038;p=68178"},"modified":"2025-03-31T00:57:08","modified_gmt":"2025-03-30T22:57:08","slug":"deck-dualtron-victor-luxury-plus","status":"publish","type":"product","link":"https:\/\/dualtron-store.com\/index.php\/produit\/deck-dualtron-victor-luxury-plus\/","title":{"rendered":"Deck Dualtron Victor Luxury Plus"},"content":{"rendered":"","protected":false},"excerpt":{"rendered":"<p>Le <strong>Deck Dualtron Victor Luxury Plus<\/strong> incarne l&#8217;alliance parfaite de l&#8217;\u00e9l\u00e9gance et de la performance pour votre trottinette \u00e9lectrique. Con\u00e7u avec une attention m\u00e9ticuleuse aux d\u00e9tails, ce deck de haute qualit\u00e9 allie esth\u00e9tique et durabilit\u00e9.<\/p>\n","protected":false},"featured_media":68179,"comment_status":"open","ping_status":"closed","template":"","meta":{"om_disable_all_campaigns":false,"_mi_skip_tracking":false,"_monsterinsights_sitenote_active":false,"_monsterinsights_sitenote_note":"","_monsterinsights_sitenote_category":0},"product_cat":[18,51],"product_tag":[],"aioseo_notices":[],"_links":{"self":[{"href":"https:\/\/dualtron-store.com\/index.php\/wp-json\/wp\/v2\/product\/68178"}],"collection":[{"href":"https:\/\/dualtron-store.com\/index.php\/wp-json\/wp\/v2\/product"}],"about":[{"href":"https:\/\/dualtron-store.com\/index.php\/wp-json\/wp\/v2\/types\/product"}],"replies":[{"embeddable":true,"href":"https:\/\/dualtron-store.com\/index.php\/wp-json\/wp\/v2\/comments?post=68178"}],"wp:featuredmedia":[{"embeddable":true,"href":"https:\/\/dualtron-store.com\/index.php\/wp-json\/wp\/v2\/media\/68179"}],"wp:attachment":[{"href":"https:\/\/dualtron-store.com\/index.php\/wp-json\/wp\/v2\/media?parent=68178"}],"wp:term":[{"taxonomy":"product_cat","embeddable":true,"href":"https:\/\/dualtron-store.com\/index.php\/wp-json\/wp\/v2\/product_cat?post=68178"},{"taxonomy":"product_tag","embeddable":true,"href":"https:\/\/dualtron-store.com\/index.php\/wp-json\/wp\/v2\/product_tag?post=68178"}],"curies":[{"name":"wp","href":"https:\/\/api.w.org\/{rel}","templated":true}]}}