{"id":68172,"date":"2023-10-22T22:58:17","date_gmt":"2023-10-22T20:58:17","guid":{"rendered":"https:\/\/dualtron-store.com\/?post_type=product&#038;p=68172"},"modified":"2025-04-28T13:39:56","modified_gmt":"2025-04-28T11:39:56","slug":"cache-lateral-dualtron-eagle","status":"publish","type":"product","link":"https:\/\/dualtron-store.com\/index.php\/produit\/cache-lateral-dualtron-eagle\/","title":{"rendered":"Cache lateral Dualtron Eagle"},"content":{"rendered":"","protected":false},"excerpt":{"rendered":"<p>Le Cache Lat\u00e9ral Dualtron Eagle est une pi\u00e8ce de rechange essentielle pour les propri\u00e9taires de la trottinette \u00e9lectrique Dualtron Eagle. Fabriqu\u00e9 sur mesure pour s&#8217;adapter parfaitement \u00e0 ce mod\u00e8le, ce cache lat\u00e9ral est con\u00e7u pour prot\u00e9ger les composants internes de la trottinette tout en ajoutant une touche de style.<\/p>\n","protected":false},"featured_media":68173,"comment_status":"open","ping_status":"closed","template":"","meta":{"om_disable_all_campaigns":false,"_mi_skip_tracking":false,"_monsterinsights_sitenote_active":false,"_monsterinsights_sitenote_note":"","_monsterinsights_sitenote_category":0},"product_cat":[277,18,51],"product_tag":[],"aioseo_notices":[],"_links":{"self":[{"href":"https:\/\/dualtron-store.com\/index.php\/wp-json\/wp\/v2\/product\/68172"}],"collection":[{"href":"https:\/\/dualtron-store.com\/index.php\/wp-json\/wp\/v2\/product"}],"about":[{"href":"https:\/\/dualtron-store.com\/index.php\/wp-json\/wp\/v2\/types\/product"}],"replies":[{"embeddable":true,"href":"https:\/\/dualtron-store.com\/index.php\/wp-json\/wp\/v2\/comments?post=68172"}],"wp:featuredmedia":[{"embeddable":true,"href":"https:\/\/dualtron-store.com\/index.php\/wp-json\/wp\/v2\/media\/68173"}],"wp:attachment":[{"href":"https:\/\/dualtron-store.com\/index.php\/wp-json\/wp\/v2\/media?parent=68172"}],"wp:term":[{"taxonomy":"product_cat","embeddable":true,"href":"https:\/\/dualtron-store.com\/index.php\/wp-json\/wp\/v2\/product_cat?post=68172"},{"taxonomy":"product_tag","embeddable":true,"href":"https:\/\/dualtron-store.com\/index.php\/wp-json\/wp\/v2\/product_tag?post=68172"}],"curies":[{"name":"wp","href":"https:\/\/api.w.org\/{rel}","templated":true}]}}