{"id":68168,"date":"2023-10-22T22:52:49","date_gmt":"2023-10-22T20:52:49","guid":{"rendered":"https:\/\/dualtron-store.com\/?post_type=product&#038;p=68168"},"modified":"2026-03-11T22:32:51","modified_gmt":"2026-03-11T21:32:51","slug":"moteur-teverun-fighter-ten","status":"publish","type":"product","link":"https:\/\/dualtron-store.com\/index.php\/produit\/moteur-teverun-fighter-ten\/","title":{"rendered":"Moteur Teverun Fighter Ten"},"content":{"rendered":"","protected":false},"excerpt":{"rendered":"<p>Le Moteur Teverun Fighter Ten est une puissance brute sous forme de composant. Con\u00e7u pour les amateurs de sensations fortes et de performances in\u00e9gal\u00e9es, ce moteur est le choix ultime pour votre trottinette \u00e9lectrique.<\/p>\n","protected":false},"featured_media":68169,"comment_status":"open","ping_status":"closed","template":"","meta":{"om_disable_all_campaigns":false,"_mi_skip_tracking":false,"_monsterinsights_sitenote_active":false,"_monsterinsights_sitenote_note":"","_monsterinsights_sitenote_category":0},"product_cat":[580,18],"product_tag":[],"aioseo_notices":[],"_links":{"self":[{"href":"https:\/\/dualtron-store.com\/index.php\/wp-json\/wp\/v2\/product\/68168"}],"collection":[{"href":"https:\/\/dualtron-store.com\/index.php\/wp-json\/wp\/v2\/product"}],"about":[{"href":"https:\/\/dualtron-store.com\/index.php\/wp-json\/wp\/v2\/types\/product"}],"replies":[{"embeddable":true,"href":"https:\/\/dualtron-store.com\/index.php\/wp-json\/wp\/v2\/comments?post=68168"}],"wp:featuredmedia":[{"embeddable":true,"href":"https:\/\/dualtron-store.com\/index.php\/wp-json\/wp\/v2\/media\/68169"}],"wp:attachment":[{"href":"https:\/\/dualtron-store.com\/index.php\/wp-json\/wp\/v2\/media?parent=68168"}],"wp:term":[{"taxonomy":"product_cat","embeddable":true,"href":"https:\/\/dualtron-store.com\/index.php\/wp-json\/wp\/v2\/product_cat?post=68168"},{"taxonomy":"product_tag","embeddable":true,"href":"https:\/\/dualtron-store.com\/index.php\/wp-json\/wp\/v2\/product_tag?post=68168"}],"curies":[{"name":"wp","href":"https:\/\/api.w.org\/{rel}","templated":true}]}}