{"id":68160,"date":"2023-10-22T22:41:27","date_gmt":"2023-10-22T20:41:27","guid":{"rendered":"https:\/\/dualtron-store.com\/?post_type=product&#038;p=68160"},"modified":"2023-12-13T14:44:39","modified_gmt":"2023-12-13T13:44:39","slug":"support-etrier-teverun-fighter","status":"publish","type":"product","link":"https:\/\/dualtron-store.com\/index.php\/produit\/support-etrier-teverun-fighter\/","title":{"rendered":"Support \u00e9trier Teverun fighter"},"content":{"rendered":"","protected":false},"excerpt":{"rendered":"<p><strong>Le Support \u00e9trier Teverun Fighter<\/strong> est un accessoire essentiel pour les utilisateurs de trottinettes \u00e9lectriques. Il s&#8217;agit d&#8217;une fixation robuste con\u00e7ue pour maintenir solidement votre trottinette en place lorsque vous n&#8217;\u00eates pas en train de l&#8217;utiliser.<\/p>\n","protected":false},"featured_media":68161,"comment_status":"open","ping_status":"closed","template":"","meta":{"om_disable_all_campaigns":false,"_mi_skip_tracking":false,"_monsterinsights_sitenote_active":false,"_monsterinsights_sitenote_note":"","_monsterinsights_sitenote_category":0},"product_cat":[580,18],"product_tag":[],"aioseo_notices":[],"_links":{"self":[{"href":"https:\/\/dualtron-store.com\/index.php\/wp-json\/wp\/v2\/product\/68160"}],"collection":[{"href":"https:\/\/dualtron-store.com\/index.php\/wp-json\/wp\/v2\/product"}],"about":[{"href":"https:\/\/dualtron-store.com\/index.php\/wp-json\/wp\/v2\/types\/product"}],"replies":[{"embeddable":true,"href":"https:\/\/dualtron-store.com\/index.php\/wp-json\/wp\/v2\/comments?post=68160"}],"wp:featuredmedia":[{"embeddable":true,"href":"https:\/\/dualtron-store.com\/index.php\/wp-json\/wp\/v2\/media\/68161"}],"wp:attachment":[{"href":"https:\/\/dualtron-store.com\/index.php\/wp-json\/wp\/v2\/media?parent=68160"}],"wp:term":[{"taxonomy":"product_cat","embeddable":true,"href":"https:\/\/dualtron-store.com\/index.php\/wp-json\/wp\/v2\/product_cat?post=68160"},{"taxonomy":"product_tag","embeddable":true,"href":"https:\/\/dualtron-store.com\/index.php\/wp-json\/wp\/v2\/product_tag?post=68160"}],"curies":[{"name":"wp","href":"https:\/\/api.w.org\/{rel}","templated":true}]}}