{"id":68156,"date":"2023-10-22T22:34:18","date_gmt":"2023-10-22T20:34:18","guid":{"rendered":"https:\/\/dualtron-store.com\/?post_type=product&#038;p=68156"},"modified":"2023-12-13T15:05:54","modified_gmt":"2023-12-13T14:05:54","slug":"repose-pied-teverun-fighter-ten-eleven","status":"publish","type":"product","link":"https:\/\/dualtron-store.com\/index.php\/produit\/repose-pied-teverun-fighter-ten-eleven\/","title":{"rendered":"Repose pied Teverun Fighter Ten \/ Eleven"},"content":{"rendered":"","protected":false},"excerpt":{"rendered":"<p><strong>Les repose-pieds Teverun Fighter Ten \/ Eleven<\/strong> sont l&#8217;accessoire id\u00e9al pour les propri\u00e9taires de trottinettes \u00e9lectriques Fighter Ten et Eleven. Ces repose-pieds robustes offrent une plateforme solide pour une conduite stable et confortable.<\/p>\n","protected":false},"featured_media":68157,"comment_status":"open","ping_status":"closed","template":"","meta":{"om_disable_all_campaigns":false,"_mi_skip_tracking":false,"_monsterinsights_sitenote_active":false,"_monsterinsights_sitenote_note":"","_monsterinsights_sitenote_category":0},"product_cat":[580,18],"product_tag":[],"aioseo_notices":[],"_links":{"self":[{"href":"https:\/\/dualtron-store.com\/index.php\/wp-json\/wp\/v2\/product\/68156"}],"collection":[{"href":"https:\/\/dualtron-store.com\/index.php\/wp-json\/wp\/v2\/product"}],"about":[{"href":"https:\/\/dualtron-store.com\/index.php\/wp-json\/wp\/v2\/types\/product"}],"replies":[{"embeddable":true,"href":"https:\/\/dualtron-store.com\/index.php\/wp-json\/wp\/v2\/comments?post=68156"}],"wp:featuredmedia":[{"embeddable":true,"href":"https:\/\/dualtron-store.com\/index.php\/wp-json\/wp\/v2\/media\/68157"}],"wp:attachment":[{"href":"https:\/\/dualtron-store.com\/index.php\/wp-json\/wp\/v2\/media?parent=68156"}],"wp:term":[{"taxonomy":"product_cat","embeddable":true,"href":"https:\/\/dualtron-store.com\/index.php\/wp-json\/wp\/v2\/product_cat?post=68156"},{"taxonomy":"product_tag","embeddable":true,"href":"https:\/\/dualtron-store.com\/index.php\/wp-json\/wp\/v2\/product_tag?post=68156"}],"curies":[{"name":"wp","href":"https:\/\/api.w.org\/{rel}","templated":true}]}}