{"id":68154,"date":"2023-10-22T22:31:40","date_gmt":"2023-10-22T20:31:40","guid":{"rendered":"https:\/\/dualtron-store.com\/?post_type=product&#038;p=68154"},"modified":"2024-10-10T17:22:50","modified_gmt":"2024-10-10T15:22:50","slug":"phare-avant-dualtron-mini-bimoteur","status":"publish","type":"product","link":"https:\/\/dualtron-store.com\/index.php\/produit\/phare-avant-dualtron-mini-bimoteur\/","title":{"rendered":"Phare avant Dualtron Mini bimoteur"},"content":{"rendered":"","protected":false},"excerpt":{"rendered":"<p><strong>Le phare avant Dualtron Mini bimoteur<\/strong> est l&#8217;accessoire d&#8217;\u00e9clairage parfait pour votre trottinette \u00e9lectrique Dualtron Mini. Avec deux ampoules int\u00e9gr\u00e9es, il offre une puissante source de lumi\u00e8re pour \u00e9clairer votre chemin, assurant une visibilit\u00e9 optimale, m\u00eame dans l&#8217;obscurit\u00e9.<\/p>\n","protected":false},"featured_media":68155,"comment_status":"open","ping_status":"closed","template":"","meta":{"om_disable_all_campaigns":false,"_mi_skip_tracking":false,"_monsterinsights_sitenote_active":false,"_monsterinsights_sitenote_note":"","_monsterinsights_sitenote_category":0},"product_cat":[18,51],"product_tag":[],"aioseo_notices":[],"_links":{"self":[{"href":"https:\/\/dualtron-store.com\/index.php\/wp-json\/wp\/v2\/product\/68154"}],"collection":[{"href":"https:\/\/dualtron-store.com\/index.php\/wp-json\/wp\/v2\/product"}],"about":[{"href":"https:\/\/dualtron-store.com\/index.php\/wp-json\/wp\/v2\/types\/product"}],"replies":[{"embeddable":true,"href":"https:\/\/dualtron-store.com\/index.php\/wp-json\/wp\/v2\/comments?post=68154"}],"wp:featuredmedia":[{"embeddable":true,"href":"https:\/\/dualtron-store.com\/index.php\/wp-json\/wp\/v2\/media\/68155"}],"wp:attachment":[{"href":"https:\/\/dualtron-store.com\/index.php\/wp-json\/wp\/v2\/media?parent=68154"}],"wp:term":[{"taxonomy":"product_cat","embeddable":true,"href":"https:\/\/dualtron-store.com\/index.php\/wp-json\/wp\/v2\/product_cat?post=68154"},{"taxonomy":"product_tag","embeddable":true,"href":"https:\/\/dualtron-store.com\/index.php\/wp-json\/wp\/v2\/product_tag?post=68154"}],"curies":[{"name":"wp","href":"https:\/\/api.w.org\/{rel}","templated":true}]}}