{"id":68149,"date":"2023-10-22T22:27:57","date_gmt":"2023-10-22T20:27:57","guid":{"rendered":"https:\/\/dualtron-store.com\/?post_type=product&#038;p=68149"},"modified":"2023-12-13T15:13:21","modified_gmt":"2023-12-13T14:13:21","slug":"support-garde-boue-arriere-teverun-fighter-ten","status":"publish","type":"product","link":"https:\/\/dualtron-store.com\/index.php\/produit\/support-garde-boue-arriere-teverun-fighter-ten\/","title":{"rendered":"Support garde boue arri\u00e8re Teverun Fighter Ten"},"content":{"rendered":"","protected":false},"excerpt":{"rendered":"<p><strong>Le support de garde-boue arri\u00e8re Teverun Fighter Ten<\/strong> est l&#8217;accessoire essentiel pour votre trottinette \u00e9lectrique Fighter Ten. Con\u00e7u pour une installation simple et s\u00e9curis\u00e9e, ce support garantit que votre garde-boue arri\u00e8re reste en place, aidant \u00e0 pr\u00e9venir les \u00e9claboussures de boue et de salet\u00e9 pendant la conduite.<\/p>\n","protected":false},"featured_media":68151,"comment_status":"open","ping_status":"closed","template":"","meta":{"om_disable_all_campaigns":false,"_mi_skip_tracking":false,"_monsterinsights_sitenote_active":false,"_monsterinsights_sitenote_note":"","_monsterinsights_sitenote_category":0},"product_cat":[580,18],"product_tag":[],"aioseo_notices":[],"_links":{"self":[{"href":"https:\/\/dualtron-store.com\/index.php\/wp-json\/wp\/v2\/product\/68149"}],"collection":[{"href":"https:\/\/dualtron-store.com\/index.php\/wp-json\/wp\/v2\/product"}],"about":[{"href":"https:\/\/dualtron-store.com\/index.php\/wp-json\/wp\/v2\/types\/product"}],"replies":[{"embeddable":true,"href":"https:\/\/dualtron-store.com\/index.php\/wp-json\/wp\/v2\/comments?post=68149"}],"wp:featuredmedia":[{"embeddable":true,"href":"https:\/\/dualtron-store.com\/index.php\/wp-json\/wp\/v2\/media\/68151"}],"wp:attachment":[{"href":"https:\/\/dualtron-store.com\/index.php\/wp-json\/wp\/v2\/media?parent=68149"}],"wp:term":[{"taxonomy":"product_cat","embeddable":true,"href":"https:\/\/dualtron-store.com\/index.php\/wp-json\/wp\/v2\/product_cat?post=68149"},{"taxonomy":"product_tag","embeddable":true,"href":"https:\/\/dualtron-store.com\/index.php\/wp-json\/wp\/v2\/product_tag?post=68149"}],"curies":[{"name":"wp","href":"https:\/\/api.w.org\/{rel}","templated":true}]}}