{"id":68146,"date":"2023-10-22T22:13:57","date_gmt":"2023-10-22T20:13:57","guid":{"rendered":"https:\/\/dualtron-store.com\/?post_type=product&#038;p=68146"},"modified":"2026-02-12T09:20:08","modified_gmt":"2026-02-12T08:20:08","slug":"moteur-avant-blade-x","status":"publish","type":"product","link":"https:\/\/dualtron-store.com\/index.php\/produit\/moteur-avant-blade-x\/","title":{"rendered":"Moteur Blade X"},"content":{"rendered":"","protected":false},"excerpt":{"rendered":"<p><strong>Le moteur avant Blade X<\/strong> est un composant puissant con\u00e7u pour am\u00e9liorer les performances de votre trottinette \u00e9lectrique Blade X. Avec une construction robuste et une puissance exceptionnelle, ce moteur avant offre une acc\u00e9l\u00e9ration rapide et une conduite fluide. Il est con\u00e7u pour s&#8217;adapter parfaitement au mod\u00e8le Blade X, garantissant ainsi une int\u00e9gration sans faille.<\/p>\n","protected":false},"featured_media":68148,"comment_status":"open","ping_status":"closed","template":"","meta":{"om_disable_all_campaigns":false,"_mi_skip_tracking":false,"_monsterinsights_sitenote_active":false,"_monsterinsights_sitenote_note":"","_monsterinsights_sitenote_category":0},"product_cat":[18],"product_tag":[],"aioseo_notices":[],"_links":{"self":[{"href":"https:\/\/dualtron-store.com\/index.php\/wp-json\/wp\/v2\/product\/68146"}],"collection":[{"href":"https:\/\/dualtron-store.com\/index.php\/wp-json\/wp\/v2\/product"}],"about":[{"href":"https:\/\/dualtron-store.com\/index.php\/wp-json\/wp\/v2\/types\/product"}],"replies":[{"embeddable":true,"href":"https:\/\/dualtron-store.com\/index.php\/wp-json\/wp\/v2\/comments?post=68146"}],"wp:featuredmedia":[{"embeddable":true,"href":"https:\/\/dualtron-store.com\/index.php\/wp-json\/wp\/v2\/media\/68148"}],"wp:attachment":[{"href":"https:\/\/dualtron-store.com\/index.php\/wp-json\/wp\/v2\/media?parent=68146"}],"wp:term":[{"taxonomy":"product_cat","embeddable":true,"href":"https:\/\/dualtron-store.com\/index.php\/wp-json\/wp\/v2\/product_cat?post=68146"},{"taxonomy":"product_tag","embeddable":true,"href":"https:\/\/dualtron-store.com\/index.php\/wp-json\/wp\/v2\/product_tag?post=68146"}],"curies":[{"name":"wp","href":"https:\/\/api.w.org\/{rel}","templated":true}]}}